{"id":4480,"date":"2023-08-08T10:30:43","date_gmt":"2023-08-08T10:30:43","guid":{"rendered":"https:\/\/agrupalmeria.com\/?page_id=4480"},"modified":"2023-08-08T10:31:24","modified_gmt":"2023-08-08T10:31:24","slug":"declaracion-de-accesibilidad","status":"publish","type":"page","link":"https:\/\/agrupalmeria.com\/en\/declaracion-de-accesibilidad\/","title":{"rendered":"Accessibility statement"},"content":{"rendered":"<p><span style=\"font-weight: 400;\">AGRUPACA\u00d1ADA DE ALMER\u00cdA S.L. se ha comprometido a hacer accesibles sus sitios web de conformidad con el Real Decreto 1112\/2018, de 7 de septiembre, sobre accesibilidad de los sitios web y aplicaciones para dispositivos m\u00f3viles del sector p\u00fablico.<\/span><\/p>\n<p><span style=\"font-weight: 400;\">SITUACI\u00d3N DE CUMPLIMIENTO<\/span><\/p>\n<p><span style=\"font-weight: 400;\">Este sitio web es parcialmente conforme con el RD 1112\/2018 debido a las excepciones y a la falta de conformidad de los aspectos que se indican a continuaci\u00f3n.<\/span><\/p>\n<p><span style=\"font-weight: 400;\">CONTENIDO NO ACCESIBLE<\/span><\/p>\n<p><span style=\"font-weight: 400;\">El contenido que se recoge a continuaci\u00f3n no es accesible por lo siguiente:<\/span><\/p>\n<p><span style=\"font-weight: 400;\">Falta de conformidad con el RD 1112\/2018:<\/span><\/p>\n<p><span style=\"font-weight: 400;\">En el portal pueden existir contenidos en otros idiomas en los que no est\u00e1 etiquetado correctamente el cambio de idioma<\/span><\/p>\n<p><span style=\"font-weight: 400;\">Los elementos multimedia solo audio no tienen alternativa<\/span><\/p>\n<p><span style=\"font-weight: 400;\">Existen v\u00eddeos sin subt\u00edtulos<\/span><\/p>\n<p><span style=\"font-weight: 400;\">Hay contenido textual sin un contraste suficiente<\/span><\/p>\n<p><span style=\"font-weight: 400;\">Se observa como en algunos casos el foco no cumple con el m\u00ednimo ratio de contraste requerido<\/span><\/p>\n<p><span style=\"font-weight: 400;\">En alg\u00fan caso puede producirse solapamiento de contenido<\/span><\/p>\n<p><span style=\"font-weight: 400;\">Existen documentos PDF con problemas de accesibilidad<\/span><\/p>\n<p><span style=\"font-weight: 400;\">Carga desproporcionada:<\/span><\/p>\n<p><span style=\"font-weight: 400;\">No aplica.<\/span><\/p>\n<p><span style=\"font-weight: 400;\">Contenido no entra dentro del \u00e1mbito de la legislaci\u00f3n aplicable:<\/span><\/p>\n<p><span style=\"font-weight: 400;\">Pueden existir documentos en formato PDF publicados antes del 20 de septiembre de 2018 que no cumplan en su totalidad todos los requisitos de accesibilidad.<\/span><\/p>\n<p><span style=\"font-weight: 400;\">PREPARACI\u00d3N DE LA PRESENTE DECLARACI\u00d3N DE ACCESIBILIDAD<\/span><\/p>\n<p><span style=\"font-weight: 400;\">La presente declaraci\u00f3n fue preparada el 20 de julio de 2023.<\/span><\/p>\n<p><span style=\"font-weight: 400;\">El m\u00e9todo empleado para la presente declaraci\u00f3n ha sido una autoevaluaci\u00f3n realizada por la propia Agencia con el soporte de la Herramienta IRA (Informe de Revisi\u00f3n de Accesibilidad) del Observatorio de Accesibilidad.<\/span><\/p>\n<p><span style=\"font-weight: 400;\">\u00daltima revisi\u00f3n de la declaraci\u00f3n: 20 de julio de 2023.<\/span><\/p>\n<p><span style=\"font-weight: 400;\">OBSERVACIONES Y DATOS DE CONTACTO<\/span><\/p>\n<p><span style=\"font-weight: 400;\">Comunicaciones sobre requisitos de accesibilidad<\/span><\/p>\n<p><span style=\"font-weight: 400;\">Puede realizar comunicaciones sobre requisitos de accesibilidad (art\u00edculo 10.2.a del RD 1112\/2018) como, por ejemplo:<\/span><\/p>\n<p><span style=\"font-weight: 400;\">informar sobre cualquier posible incumplimiento por parte de este sitio web<\/span><\/p>\n<p><span style=\"font-weight: 400;\">transmitir otras dificultades de acceso al contenido<\/span><\/p>\n<p><span style=\"font-weight: 400;\">formular cualquier otra consulta o sugerencia de mejora relativa a la accesibilidad del sitio web<\/span><\/p>\n<p><span style=\"font-weight: 400;\">a trav\u00e9s del correo <a href=\"mailto:info@elrincondelraf.es\">a<\/a>dministracion@agrupalmeria.es\u00a0designado a tal efecto en la sede electr\u00f3nica de la Agencia.<\/span><\/p>\n<p><span style=\"font-weight: 400;\">Las comunicaciones ser\u00e1n recibidas y tratadas por la Unidad Responsable de Accesibilidad de la Subdirecci\u00f3n General de Promoci\u00f3n y Autorizaciones.<\/span><\/p>\n<p><span style=\"font-weight: 400;\">Solicitudes de informaci\u00f3n accesible y quejas<\/span><\/p>\n<p><span style=\"font-weight: 400;\">A trav\u00e9s del correo <a href=\"mailto:info@elrincondelraf.es\">a<\/a>dministracion@agrupalmeria.es\u00a0puede presentar:<\/span><\/p>\n<p><span style=\"font-weight: 400;\">una Queja relativa al cumplimiento de los requisitos del RD 1112\/2018 o<\/span><\/p>\n<p><span style=\"font-weight: 400;\">una Solicitud de Informaci\u00f3n accesible relativa a:<\/span><\/p>\n<p><span style=\"font-weight: 400;\">contenidos que est\u00e1n excluidos del \u00e1mbito de aplicaci\u00f3n del RD 1112\/2018 seg\u00fan lo establecido por el art\u00edculo 3, apartado 4<\/span><\/p>\n<p><span style=\"font-weight: 400;\">contenidos que est\u00e1n exentos del cumplimiento de los requisitos de accesibilidad por imponer una carga desproporcionada.<\/span><\/p>\n<p><span style=\"font-weight: 400;\">En la Solicitud de informaci\u00f3n accesible, se debe concretar, con toda claridad, los hechos, razones y petici\u00f3n que permitan constatar que se trata de una solicitud razonable y leg\u00edtima.<\/span><\/p>\n<p><span style=\"font-weight: 400;\">PROCEDIMIENTO DE APLICACI\u00d3N<\/span><\/p>\n<p><span style=\"font-weight: 400;\">Si una vez realizada una solicitud de informaci\u00f3n accesible o queja, \u00e9sta hubiera sido desestimada, no se estuviera de acuerdo con la decisi\u00f3n adoptada, o la respuesta no cumpliera los requisitos contemplados en el art\u00edculo 12.5 del RD 1112\/2018, la persona interesada podr\u00e1 iniciar una reclamaci\u00f3n. Igualmente se podr\u00e1 iniciar una reclamaci\u00f3n en el caso de no haber obtenido respuesta.<\/span><\/p>\n<p><span style=\"font-weight: 400;\">El procedimiento reclamaci\u00f3n recogido en el art\u00edculo 13 del RD 1112\/2018, puede iniciarse a trav\u00e9s de este enlace.<\/span><\/p>\n<p><span style=\"font-weight: 400;\">CONTENIDO OPCIONAL<\/span><\/p>\n<p><span style=\"font-weight: 400;\">El sitio web:<\/span><\/p>\n<p><span style=\"font-weight: 400;\">se ha dise\u00f1ado adapt\u00e1ndose a los est\u00e1ndares y normativas vigentes en relaci\u00f3n a la accesibilidad, cumpliendo con los puntos de verificaci\u00f3n de prioridad 2 (AA) definidos en la especificaci\u00f3n de Pautas de Accesibilidad al Contenido en la Web (WCAG 2.1)<\/span><\/p>\n<p><span style=\"font-weight: 400;\">est\u00e1 optimizado para las \u00faltimas versiones vigentes de Chrome, Edge, Firefox, Safari y Opera<\/span><\/p>\n<p><span style=\"font-weight: 400;\">est\u00e1 dise\u00f1ado para su correcta visualizaci\u00f3n en cualquier resoluci\u00f3n y dispositivo de escritorio, tabletas o m\u00f3viles (dise\u00f1o responsive)<\/span><\/p>\n<p><span style=\"font-weight: 400;\">se ha realizado utilizando HTML5 como lenguaje de marcado y hojas de estilo CSS 3 para su dise\u00f1o<\/span><\/p>\n<p><span style=\"font-weight: 400;\">Adem\u00e1s, se realiza un trabajo continuo de auditor\u00eda y revisi\u00f3n de contenidos para facilitar su interpretaci\u00f3n y mejorar la navegaci\u00f3n por el portal web.<\/span><\/p>","protected":false},"excerpt":{"rendered":"<p>AGRUPACA\u00d1ADA DE ALMER\u00cdA S.L. se ha comprometido a hacer accesibles sus sitios web de conformidad con el Real Decreto 1112\/2018, de 7 de septiembre, sobre accesibilidad de los sitios web y aplicaciones para dispositivos m\u00f3viles del sector p\u00fablico. SITUACI\u00d3N DE CUMPLIMIENTO Este sitio web es parcialmente conforme con el RD 1112\/2018 debido a las excepciones &hellip; <\/p>\n<p class=\"more-link-wrap\"><a href=\"https:\/\/agrupalmeria.com\/en\/declaracion-de-accesibilidad\/\" class=\"more-link\">Read More<span class=\"screen-reader-text\"> \u00abDeclaraci\u00f3n de accesibilidad\u00bb<\/span><\/a><\/p>","protected":false},"author":1,"featured_media":0,"parent":0,"menu_order":0,"comment_status":"closed","ping_status":"closed","template":"","meta":{"inline_featured_image":false,"wprm-recipe-roundup-name":"","wprm-recipe-roundup-description":"","footnotes":""},"class_list":["post-4480","page","type-page","status-publish","hentry"],"yoast_head":"<!-- This site is optimized with the Yoast SEO Premium plugin v18.9 (Yoast SEO v27.2) - https:\/\/yoast.com\/product\/yoast-seo-premium-wordpress\/ -->\n<title>Declaraci\u00f3n de accesibilidad - Agrupalmer\u00eda<\/title>\n<meta name=\"robots\" content=\"index, follow, max-snippet:-1, max-image-preview:large, max-video-preview:-1\" \/>\n<link rel=\"canonical\" href=\"https:\/\/agrupalmeria.com\/en\/declaracion-de-accesibilidad\/\" \/>\n<meta property=\"og:locale\" content=\"en_GB\" \/>\n<meta property=\"og:type\" content=\"article\" \/>\n<meta property=\"og:title\" content=\"Declaraci\u00f3n de accesibilidad\" \/>\n<meta property=\"og:description\" content=\"AGRUPACA\u00d1ADA DE ALMER\u00cdA S.L. se ha comprometido a hacer accesibles sus sitios web de conformidad con el Real Decreto 1112\/2018, de 7 de septiembre, sobre accesibilidad de los sitios web y aplicaciones para dispositivos m\u00f3viles del sector p\u00fablico. SITUACI\u00d3N DE CUMPLIMIENTO Este sitio web es parcialmente conforme con el RD 1112\/2018 debido a las excepciones &hellip; Read More &quot;Declaraci\u00f3n de accesibilidad&quot;\" \/>\n<meta property=\"og:url\" content=\"https:\/\/agrupalmeria.com\/en\/declaracion-de-accesibilidad\/\" \/>\n<meta property=\"og:site_name\" content=\"Agrupalmer\u00eda\" \/>\n<meta property=\"article:modified_time\" content=\"2023-08-08T10:31:24+00:00\" \/>\n<meta property=\"og:image\" content=\"https:\/\/agrupalmeria.com\/wp-content\/uploads\/2021\/11\/cropped-logotipo-agrupalmeria-color.png\" \/>\n\t<meta property=\"og:image:width\" content=\"5924\" \/>\n\t<meta property=\"og:image:height\" content=\"1184\" \/>\n\t<meta property=\"og:image:type\" content=\"image\/png\" \/>\n<meta name=\"twitter:card\" content=\"summary_large_image\" \/>\n<meta name=\"twitter:label1\" content=\"Estimated reading time\" \/>\n\t<meta name=\"twitter:data1\" content=\"4 minutes\" \/>\n<script type=\"application\/ld+json\" class=\"yoast-schema-graph\">{\"@context\":\"https:\/\/schema.org\",\"@graph\":[{\"@type\":\"WebPage\",\"@id\":\"https:\/\/agrupalmeria.com\/declaracion-de-accesibilidad\/\",\"url\":\"https:\/\/agrupalmeria.com\/declaracion-de-accesibilidad\/\",\"name\":\"Declaraci\u00f3n de accesibilidad - Agrupalmer\u00eda\",\"isPartOf\":{\"@id\":\"https:\/\/agrupalmeria.com\/#website\"},\"datePublished\":\"2023-08-08T10:30:43+00:00\",\"dateModified\":\"2023-08-08T10:31:24+00:00\",\"breadcrumb\":{\"@id\":\"https:\/\/agrupalmeria.com\/declaracion-de-accesibilidad\/#breadcrumb\"},\"inLanguage\":\"en-GB\",\"potentialAction\":[{\"@type\":\"ReadAction\",\"target\":[\"https:\/\/agrupalmeria.com\/declaracion-de-accesibilidad\/\"]}]},{\"@type\":\"BreadcrumbList\",\"@id\":\"https:\/\/agrupalmeria.com\/declaracion-de-accesibilidad\/#breadcrumb\",\"itemListElement\":[{\"@type\":\"ListItem\",\"position\":1,\"name\":\"Portada\",\"item\":\"https:\/\/agrupalmeria.com\/\"},{\"@type\":\"ListItem\",\"position\":2,\"name\":\"Declaraci\u00f3n de accesibilidad\"}]},{\"@type\":\"WebSite\",\"@id\":\"https:\/\/agrupalmeria.com\/#website\",\"url\":\"https:\/\/agrupalmeria.com\/\",\"name\":\"Agrupalmer\u00eda - El mejor tomate de Almer\u00eda\",\"description\":\"Subasta hortofrut\u00edcola con todas las variedades de tomate y el mejor tomate raf de Almer\u00eda\",\"publisher\":{\"@id\":\"https:\/\/agrupalmeria.com\/#organization\"},\"alternateName\":\"Agrupalmer\u00eda\",\"potentialAction\":[{\"@type\":\"SearchAction\",\"target\":{\"@type\":\"EntryPoint\",\"urlTemplate\":\"https:\/\/agrupalmeria.com\/?s={search_term_string}\"},\"query-input\":{\"@type\":\"PropertyValueSpecification\",\"valueRequired\":true,\"valueName\":\"search_term_string\"}}],\"inLanguage\":\"en-GB\"},{\"@type\":\"Organization\",\"@id\":\"https:\/\/agrupalmeria.com\/#organization\",\"name\":\"Agrupalmer\u00eda\",\"url\":\"https:\/\/agrupalmeria.com\/\",\"logo\":{\"@type\":\"ImageObject\",\"inLanguage\":\"en-GB\",\"@id\":\"https:\/\/agrupalmeria.com\/#\/schema\/logo\/image\/\",\"url\":\"https:\/\/agrupalmeria.com\/wp-content\/uploads\/2021\/11\/cropped-logotipo-agrupalmeria-color.png\",\"contentUrl\":\"https:\/\/agrupalmeria.com\/wp-content\/uploads\/2021\/11\/cropped-logotipo-agrupalmeria-color.png\",\"width\":5924,\"height\":1184,\"caption\":\"Agrupalmer\u00eda\"},\"image\":{\"@id\":\"https:\/\/agrupalmeria.com\/#\/schema\/logo\/image\/\"}}]}<\/script>\n<!-- \/ Yoast SEO Premium plugin. -->","yoast_head_json":{"title":"Declaraci\u00f3n de accesibilidad - Agrupalmer\u00eda","robots":{"index":"index","follow":"follow","max-snippet":"max-snippet:-1","max-image-preview":"max-image-preview:large","max-video-preview":"max-video-preview:-1"},"canonical":"https:\/\/agrupalmeria.com\/en\/declaracion-de-accesibilidad\/","og_locale":"en_GB","og_type":"article","og_title":"Declaraci\u00f3n de accesibilidad","og_description":"AGRUPACA\u00d1ADA DE ALMER\u00cdA S.L. se ha comprometido a hacer accesibles sus sitios web de conformidad con el Real Decreto 1112\/2018, de 7 de septiembre, sobre accesibilidad de los sitios web y aplicaciones para dispositivos m\u00f3viles del sector p\u00fablico. SITUACI\u00d3N DE CUMPLIMIENTO Este sitio web es parcialmente conforme con el RD 1112\/2018 debido a las excepciones &hellip; Read More \"Declaraci\u00f3n de accesibilidad\"","og_url":"https:\/\/agrupalmeria.com\/en\/declaracion-de-accesibilidad\/","og_site_name":"Agrupalmer\u00eda","article_modified_time":"2023-08-08T10:31:24+00:00","og_image":[{"width":5924,"height":1184,"url":"https:\/\/agrupalmeria.com\/wp-content\/uploads\/2021\/11\/cropped-logotipo-agrupalmeria-color.png","type":"image\/png"}],"twitter_card":"summary_large_image","twitter_misc":{"Estimated reading time":"4 minutes"},"schema":{"@context":"https:\/\/schema.org","@graph":[{"@type":"WebPage","@id":"https:\/\/agrupalmeria.com\/declaracion-de-accesibilidad\/","url":"https:\/\/agrupalmeria.com\/declaracion-de-accesibilidad\/","name":"Declaraci\u00f3n de accesibilidad - Agrupalmer\u00eda","isPartOf":{"@id":"https:\/\/agrupalmeria.com\/#website"},"datePublished":"2023-08-08T10:30:43+00:00","dateModified":"2023-08-08T10:31:24+00:00","breadcrumb":{"@id":"https:\/\/agrupalmeria.com\/declaracion-de-accesibilidad\/#breadcrumb"},"inLanguage":"en-GB","potentialAction":[{"@type":"ReadAction","target":["https:\/\/agrupalmeria.com\/declaracion-de-accesibilidad\/"]}]},{"@type":"BreadcrumbList","@id":"https:\/\/agrupalmeria.com\/declaracion-de-accesibilidad\/#breadcrumb","itemListElement":[{"@type":"ListItem","position":1,"name":"Portada","item":"https:\/\/agrupalmeria.com\/"},{"@type":"ListItem","position":2,"name":"Declaraci\u00f3n de accesibilidad"}]},{"@type":"WebSite","@id":"https:\/\/agrupalmeria.com\/#website","url":"https:\/\/agrupalmeria.com\/","name":"Agrupalmer\u00eda - El mejor tomate de Almer\u00eda","description":"Subasta hortofrut\u00edcola con todas las variedades de tomate y el mejor tomate raf de Almer\u00eda","publisher":{"@id":"https:\/\/agrupalmeria.com\/#organization"},"alternateName":"Agrupalmer\u00eda","potentialAction":[{"@type":"SearchAction","target":{"@type":"EntryPoint","urlTemplate":"https:\/\/agrupalmeria.com\/?s={search_term_string}"},"query-input":{"@type":"PropertyValueSpecification","valueRequired":true,"valueName":"search_term_string"}}],"inLanguage":"en-GB"},{"@type":"Organization","@id":"https:\/\/agrupalmeria.com\/#organization","name":"Agrupalmer\u00eda","url":"https:\/\/agrupalmeria.com\/","logo":{"@type":"ImageObject","inLanguage":"en-GB","@id":"https:\/\/agrupalmeria.com\/#\/schema\/logo\/image\/","url":"https:\/\/agrupalmeria.com\/wp-content\/uploads\/2021\/11\/cropped-logotipo-agrupalmeria-color.png","contentUrl":"https:\/\/agrupalmeria.com\/wp-content\/uploads\/2021\/11\/cropped-logotipo-agrupalmeria-color.png","width":5924,"height":1184,"caption":"Agrupalmer\u00eda"},"image":{"@id":"https:\/\/agrupalmeria.com\/#\/schema\/logo\/image\/"}}]}},"_links":{"self":[{"href":"https:\/\/agrupalmeria.com\/en\/wp-json\/wp\/v2\/pages\/4480","targetHints":{"allow":["GET"]}}],"collection":[{"href":"https:\/\/agrupalmeria.com\/en\/wp-json\/wp\/v2\/pages"}],"about":[{"href":"https:\/\/agrupalmeria.com\/en\/wp-json\/wp\/v2\/types\/page"}],"author":[{"embeddable":true,"href":"https:\/\/agrupalmeria.com\/en\/wp-json\/wp\/v2\/users\/1"}],"replies":[{"embeddable":true,"href":"https:\/\/agrupalmeria.com\/en\/wp-json\/wp\/v2\/comments?post=4480"}],"version-history":[{"count":1,"href":"https:\/\/agrupalmeria.com\/en\/wp-json\/wp\/v2\/pages\/4480\/revisions"}],"predecessor-version":[{"id":4483,"href":"https:\/\/agrupalmeria.com\/en\/wp-json\/wp\/v2\/pages\/4480\/revisions\/4483"}],"wp:attachment":[{"href":"https:\/\/agrupalmeria.com\/en\/wp-json\/wp\/v2\/media?parent=4480"}],"curies":[{"name":"wp","href":"https:\/\/api.w.org\/{rel}","templated":true}]}}