{"id":3174,"date":"2022-02-18T00:52:58","date_gmt":"2022-02-18T00:52:58","guid":{"rendered":"https:\/\/agrupalmeria.com\/?page_id=3174"},"modified":"2022-06-03T15:37:10","modified_gmt":"2022-06-03T15:37:10","slug":"tomate-rosa","status":"publish","type":"page","link":"https:\/\/agrupalmeria.com\/en\/tomate-rosa\/","title":{"rendered":"Tomato Pink"},"content":{"rendered":"\t\t<div data-elementor-type=\"wp-page\" data-elementor-id=\"3174\" class=\"elementor elementor-3174\">\n\t\t\t\t\t\t<section class=\"elementor-section elementor-top-section elementor-element elementor-element-33bd3c18 elementor-section-boxed elementor-section-height-default elementor-section-height-default\" data-id=\"33bd3c18\" data-element_type=\"section\">\n\t\t\t\t\t\t<div class=\"elementor-container elementor-column-gap-default\">\n\t\t\t\t\t<div class=\"elementor-column elementor-col-100 elementor-top-column elementor-element elementor-element-2fc4d6de\" data-id=\"2fc4d6de\" data-element_type=\"column\">\n\t\t\t<div class=\"elementor-widget-wrap elementor-element-populated\">\n\t\t\t\t\t\t<div class=\"elementor-element elementor-element-417ceda2 elementor-widget elementor-widget-spacer\" data-id=\"417ceda2\" data-element_type=\"widget\" data-widget_type=\"spacer.default\">\n\t\t\t\t<div class=\"elementor-widget-container\">\n\t\t\t<style>\/*! elementor - v3.21.0 - 26-05-2024 *\/\n.elementor-column .elementor-spacer-inner{height:var(--spacer-size)}.e-con{--container-widget-width:100%}.e-con-inner>.elementor-widget-spacer,.e-con>.elementor-widget-spacer{width:var(--container-widget-width,var(--spacer-size));--align-self:var(--container-widget-align-self,initial);--flex-shrink:0}.e-con-inner>.elementor-widget-spacer>.elementor-widget-container,.e-con>.elementor-widget-spacer>.elementor-widget-container{height:100%;width:100%}.e-con-inner>.elementor-widget-spacer>.elementor-widget-container>.elementor-spacer,.e-con>.elementor-widget-spacer>.elementor-widget-container>.elementor-spacer{height:100%}.e-con-inner>.elementor-widget-spacer>.elementor-widget-container>.elementor-spacer>.elementor-spacer-inner,.e-con>.elementor-widget-spacer>.elementor-widget-container>.elementor-spacer>.elementor-spacer-inner{height:var(--container-widget-height,var(--spacer-size))}.e-con-inner>.elementor-widget-spacer.elementor-widget-empty,.e-con>.elementor-widget-spacer.elementor-widget-empty{position:relative;min-height:22px;min-width:22px}.e-con-inner>.elementor-widget-spacer.elementor-widget-empty .elementor-widget-empty-icon,.e-con>.elementor-widget-spacer.elementor-widget-empty .elementor-widget-empty-icon{position:absolute;top:0;bottom:0;left:0;right:0;margin:auto;padding:0;width:22px;height:22px}<\/style>        <div class=\"elementor-spacer\">\n            <div class=\"elementor-spacer-inner\"><\/div>\n        <\/div>\n\t\t\t\t<\/div>\n\t\t\t\t<\/div>\n\t\t\t\t\t<\/div>\n\t\t<\/div>\n\t\t\t\t\t<\/div>\n\t\t<\/section>\n\t\t\t\t<section class=\"elementor-section elementor-top-section elementor-element elementor-element-601f2059 elementor-section-boxed elementor-section-height-default elementor-section-height-default\" data-id=\"601f2059\" data-element_type=\"section\">\n\t\t\t\t\t\t<div class=\"elementor-container elementor-column-gap-default\">\n\t\t\t\t\t<div class=\"elementor-column elementor-col-50 elementor-top-column elementor-element elementor-element-f462dec\" data-id=\"f462dec\" data-element_type=\"column\">\n\t\t\t<div class=\"elementor-widget-wrap elementor-element-populated\">\n\t\t\t\t\t\t<div class=\"elementor-element elementor-element-1fd58384 elementor-widget elementor-widget-image\" data-id=\"1fd58384\" data-element_type=\"widget\" data-widget_type=\"image.default\">\n\t\t\t\t<div class=\"elementor-widget-container\">\n\t\t\t<style>\/*! elementor - v3.21.0 - 26-05-2024 *\/\n.elementor-widget-image{text-align:center}.elementor-widget-image a{display:inline-block}.elementor-widget-image a img[src$=\".svg\"]{width:48px}.elementor-widget-image img{vertical-align:middle;display:inline-block}<\/style>\t\t\t\t\t\t\t\t\t\t<img fetchpriority=\"high\" decoding=\"async\" width=\"600\" height=\"400\" src=\"https:\/\/agrupalmeria.com\/wp-content\/uploads\/2022\/02\/tomate-rosa-dentro-768x512.jpg\" class=\"attachment-medium_large size-medium_large wp-image-3228\" alt=\"tomate rosa venta agrupalmeria\" srcset=\"https:\/\/agrupalmeria.com\/wp-content\/uploads\/2022\/02\/tomate-rosa-dentro-768x512.jpg 768w, https:\/\/agrupalmeria.com\/wp-content\/uploads\/2022\/02\/tomate-rosa-dentro-300x200.jpg 300w, https:\/\/agrupalmeria.com\/wp-content\/uploads\/2022\/02\/tomate-rosa-dentro-1024x682.jpg 1024w, https:\/\/agrupalmeria.com\/wp-content\/uploads\/2022\/02\/tomate-rosa-dentro-1536x1024.jpg 1536w, https:\/\/agrupalmeria.com\/wp-content\/uploads\/2022\/02\/tomate-rosa-dentro-700x467.jpg 700w, https:\/\/agrupalmeria.com\/wp-content\/uploads\/2022\/02\/tomate-rosa-dentro-600x400.jpg 600w, https:\/\/agrupalmeria.com\/wp-content\/uploads\/2022\/02\/tomate-rosa-dentro.jpg 1667w\" sizes=\"(max-width: 600px) 100vw, 600px\" \/>\t\t\t\t\t\t\t\t\t\t\t\t\t<\/div>\n\t\t\t\t<\/div>\n\t\t\t\t\t<\/div>\n\t\t<\/div>\n\t\t\t\t<div class=\"elementor-column elementor-col-50 elementor-top-column elementor-element elementor-element-688e57c8\" data-id=\"688e57c8\" data-element_type=\"column\">\n\t\t\t<div class=\"elementor-widget-wrap elementor-element-populated\">\n\t\t\t\t\t\t<div class=\"elementor-element elementor-element-39d69e4b elementor-widget elementor-widget-heading\" data-id=\"39d69e4b\" data-element_type=\"widget\" data-widget_type=\"heading.default\">\n\t\t\t\t<div class=\"elementor-widget-container\">\n\t\t\t<style>\/*! elementor - v3.21.0 - 26-05-2024 *\/\n.elementor-heading-title{padding:0;margin:0;line-height:1}.elementor-widget-heading .elementor-heading-title[class*=elementor-size-]>a{color:inherit;font-size:inherit;line-height:inherit}.elementor-widget-heading .elementor-heading-title.elementor-size-small{font-size:15px}.elementor-widget-heading .elementor-heading-title.elementor-size-medium{font-size:19px}.elementor-widget-heading .elementor-heading-title.elementor-size-large{font-size:29px}.elementor-widget-heading .elementor-heading-title.elementor-size-xl{font-size:39px}.elementor-widget-heading .elementor-heading-title.elementor-size-xxl{font-size:59px}<\/style><div class=\"elementor-heading-wrapper\" ><div class=\"elementor-heading-wrapper-inner\"><h1 class=\"elementor-heading-title elementor-size-default\">Tomate rosa<\/h1><\/div><\/div>\t\t<\/div>\n\t\t\t\t<\/div>\n\t\t\t\t<div class=\"elementor-element elementor-element-34b1951b elementor-widget elementor-widget-spacer\" data-id=\"34b1951b\" data-element_type=\"widget\" data-widget_type=\"spacer.default\">\n\t\t\t\t<div class=\"elementor-widget-container\">\n\t\t\t        <div class=\"elementor-spacer\">\n            <div class=\"elementor-spacer-inner\"><\/div>\n        <\/div>\n\t\t\t\t<\/div>\n\t\t\t\t<\/div>\n\t\t\t\t<div class=\"elementor-element elementor-element-bf3b627 elementor-widget elementor-widget-text-editor\" data-id=\"bf3b627\" data-element_type=\"widget\" data-widget_type=\"text-editor.default\">\n\t\t\t\t<div class=\"elementor-widget-container\">\n\t\t\t<style>\/*! elementor - v3.21.0 - 26-05-2024 *\/\n.elementor-widget-text-editor.elementor-drop-cap-view-stacked .elementor-drop-cap{background-color:#69727d;color:#fff}.elementor-widget-text-editor.elementor-drop-cap-view-framed .elementor-drop-cap{color:#69727d;border:3px solid;background-color:transparent}.elementor-widget-text-editor:not(.elementor-drop-cap-view-default) .elementor-drop-cap{margin-top:8px}.elementor-widget-text-editor:not(.elementor-drop-cap-view-default) .elementor-drop-cap-letter{width:1em;height:1em}.elementor-widget-text-editor .elementor-drop-cap{float:left;text-align:center;line-height:1;font-size:50px}.elementor-widget-text-editor .elementor-drop-cap-letter{display:inline-block}<\/style>        <div class=\"elementor-text-editor elementor-clearfix\"><p>Esta variedad disponible en <strong>la subasta hortofrut\u00edcola de Agrupalmer\u00eda<\/strong>, se cultiva en distintas zonas de Espa\u00f1a y es de un tama\u00f1o peculiar. Su color, rojo suave, rosa o rosado, bastante m\u00e1s p\u00e1lido que ese rojo intenso de variedades como el tomate redondo o el tomate pera. Adem\u00e1s, tiene una forma irregular, en parte asurcada y la piel muy delicada y muy fina. A menudo, los frutos presentan surcos en la superficie debido, precisamente, a esa delicadeza de su piel.<\/p><p><strong>Beneficios para la salud:<\/strong><\/p><ul><li>Nos aporta potasio (casi el 70 % de lo que nos aporta un pl\u00e1tano).<\/li><li>Contiene vitamina C (el tercio de lo que contiene una naranja).<\/li><li>Es muy bajo en carbohidratos y en calor\u00edas. Un tomate rosa promedio, de 400 g, tiene apenas 76 kcal.<\/li><li>No contiene grasa (pero combina a la perfecci\u00f3n con grasas muy saludables, como el aceite de oliva virgen o la que contiene el aguacate, por ejemplo).<\/li><\/ul><\/div>\n        \t\t<\/div>\n\t\t\t\t<\/div>\n\t\t\t\t\t<\/div>\n\t\t<\/div>\n\t\t\t\t\t<\/div>\n\t\t<\/section>\n\t\t\t\t<section class=\"elementor-section elementor-top-section elementor-element elementor-element-27fd91b9 elementor-section-full_width elementor-section-stretched elementor-section-height-default elementor-section-height-default\" data-id=\"27fd91b9\" data-element_type=\"section\" data-settings=\"{&quot;stretch_section&quot;:&quot;section-stretched&quot;,&quot;background_background&quot;:&quot;classic&quot;}\">\n\t\t\t\t\t\t<div class=\"elementor-container elementor-column-gap-default\">\n\t\t\t\t\t<div class=\"elementor-column elementor-col-100 elementor-top-column elementor-element elementor-element-4e2b70fc\" data-id=\"4e2b70fc\" data-element_type=\"column\">\n\t\t\t<div class=\"elementor-widget-wrap elementor-element-populated\">\n\t\t\t\t\t\t<div class=\"elementor-element elementor-element-4e62679 elementor-widget elementor-widget-spacer\" data-id=\"4e62679\" data-element_type=\"widget\" data-widget_type=\"spacer.default\">\n\t\t\t\t<div class=\"elementor-widget-container\">\n\t\t\t        <div class=\"elementor-spacer\">\n            <div class=\"elementor-spacer-inner\"><\/div>\n        <\/div>\n\t\t\t\t<\/div>\n\t\t\t\t<\/div>\n\t\t\t\t<div class=\"elementor-element elementor-element-5e8f036 elementor-widget elementor-widget-heading\" data-id=\"5e8f036\" data-element_type=\"widget\" data-widget_type=\"heading.default\">\n\t\t\t\t<div class=\"elementor-widget-container\">\n\t\t\t<div class=\"elementor-heading-wrapper\" ><div class=\"elementor-heading-wrapper-inner\"><h2 class=\"elementor-heading-title elementor-size-default\">CALENDARIO DE PRODUCCI\u00d3N<\/h2><\/div><\/div>\t\t<\/div>\n\t\t\t\t<\/div>\n\t\t\t\t<div class=\"elementor-element elementor-element-3f127c01 elementor-widget elementor-widget-spacer\" data-id=\"3f127c01\" data-element_type=\"widget\" data-widget_type=\"spacer.default\">\n\t\t\t\t<div class=\"elementor-widget-container\">\n\t\t\t        <div class=\"elementor-spacer\">\n            <div class=\"elementor-spacer-inner\"><\/div>\n        <\/div>\n\t\t\t\t<\/div>\n\t\t\t\t<\/div>\n\t\t\t\t<div class=\"elementor-element elementor-element-5f3e51bf elementor-align-center elementor-widget elementor-widget-icon-list\" data-id=\"5f3e51bf\" data-element_type=\"widget\" data-widget_type=\"icon-list.default\">\n\t\t\t\t<div class=\"elementor-widget-container\">\n\t\t\t<link rel=\"stylesheet\" href=\"https:\/\/agrupalmeria.com\/wp-content\/plugins\/elementor\/assets\/css\/widget-icon-list.min.css\">        <ul class=\"elementor-icon-list-items elementor-inline-items\">\n                            <li class=\"elementor-icon-list-item\" >\n                                            <span class=\"elementor-icon-list-icon\">\n\t\t\t\t\t\t\t<i class=\"fa fa-square\" aria-hidden=\"true\"><\/i>\n\t\t\t\t\t\t<\/span>\n                                        <span class=\"elementor-icon-list-text\">ENE<\/span>\n                                    <\/li>\n                            <li class=\"elementor-icon-list-item\" >\n                                            <span class=\"elementor-icon-list-icon\">\n\t\t\t\t\t\t\t<i class=\"fa fa-square-o\" aria-hidden=\"true\"><\/i>\n\t\t\t\t\t\t<\/span>\n                                        <span class=\"elementor-icon-list-text\">FEB<\/span>\n                                    <\/li>\n                            <li class=\"elementor-icon-list-item\" >\n                                            <span class=\"elementor-icon-list-icon\">\n\t\t\t\t\t\t\t<i class=\"fa fa-square-o\" aria-hidden=\"true\"><\/i>\n\t\t\t\t\t\t<\/span>\n                                        <span class=\"elementor-icon-list-text\">MAR<\/span>\n                                    <\/li>\n                            <li class=\"elementor-icon-list-item\" >\n                                            <span class=\"elementor-icon-list-icon\">\n\t\t\t\t\t\t\t<i class=\"fa fa-square-o\" aria-hidden=\"true\"><\/i>\n\t\t\t\t\t\t<\/span>\n                                        <span class=\"elementor-icon-list-text\">ABR<\/span>\n                                    <\/li>\n                            <li class=\"elementor-icon-list-item\" >\n                                            <span class=\"elementor-icon-list-icon\">\n\t\t\t\t\t\t\t<i class=\"fa fa-square\" aria-hidden=\"true\"><\/i>\n\t\t\t\t\t\t<\/span>\n                                        <span class=\"elementor-icon-list-text\">MAY<\/span>\n                                    <\/li>\n                            <li class=\"elementor-icon-list-item\" >\n                                            <span class=\"elementor-icon-list-icon\">\n\t\t\t\t\t\t\t<i class=\"fa fa-square-o\" aria-hidden=\"true\"><\/i>\n\t\t\t\t\t\t<\/span>\n                                        <span class=\"elementor-icon-list-text\">JUN<\/span>\n                                    <\/li>\n                            <li class=\"elementor-icon-list-item\" >\n                                            <span class=\"elementor-icon-list-icon\">\n\t\t\t\t\t\t\t<i class=\"fa fa-square-o\" aria-hidden=\"true\"><\/i>\n\t\t\t\t\t\t<\/span>\n                                        <span class=\"elementor-icon-list-text\">JUL<\/span>\n                                    <\/li>\n                            <li class=\"elementor-icon-list-item\" >\n                                            <span class=\"elementor-icon-list-icon\">\n\t\t\t\t\t\t\t<i class=\"fa fa-square-o\" aria-hidden=\"true\"><\/i>\n\t\t\t\t\t\t<\/span>\n                                        <span class=\"elementor-icon-list-text\">AGO<\/span>\n                                    <\/li>\n                            <li class=\"elementor-icon-list-item\" >\n                                            <span class=\"elementor-icon-list-icon\">\n\t\t\t\t\t\t\t<i class=\"fa fa-square-o\" aria-hidden=\"true\"><\/i>\n\t\t\t\t\t\t<\/span>\n                                        <span class=\"elementor-icon-list-text\">SEP<\/span>\n                                    <\/li>\n                            <li class=\"elementor-icon-list-item\" >\n                                            <span class=\"elementor-icon-list-icon\">\n\t\t\t\t\t\t\t<i class=\"fa fa-square\" aria-hidden=\"true\"><\/i>\n\t\t\t\t\t\t<\/span>\n                                        <span class=\"elementor-icon-list-text\">OCT<\/span>\n                                    <\/li>\n                            <li class=\"elementor-icon-list-item\" >\n                                            <span class=\"elementor-icon-list-icon\">\n\t\t\t\t\t\t\t<i class=\"fa fa-square\" aria-hidden=\"true\"><\/i>\n\t\t\t\t\t\t<\/span>\n                                        <span class=\"elementor-icon-list-text\">NOV<\/span>\n                                    <\/li>\n                            <li class=\"elementor-icon-list-item\" >\n                                            <span class=\"elementor-icon-list-icon\">\n\t\t\t\t\t\t\t<i class=\"fa fa-square\" aria-hidden=\"true\"><\/i>\n\t\t\t\t\t\t<\/span>\n                                        <span class=\"elementor-icon-list-text\">DIC<\/span>\n                                    <\/li>\n                    <\/ul>\n        \t\t<\/div>\n\t\t\t\t<\/div>\n\t\t\t\t<div class=\"elementor-element elementor-element-1e2413c1 elementor-widget elementor-widget-spacer\" data-id=\"1e2413c1\" data-element_type=\"widget\" data-widget_type=\"spacer.default\">\n\t\t\t\t<div class=\"elementor-widget-container\">\n\t\t\t        <div class=\"elementor-spacer\">\n            <div class=\"elementor-spacer-inner\"><\/div>\n        <\/div>\n\t\t\t\t<\/div>\n\t\t\t\t<\/div>\n\t\t\t\t\t<\/div>\n\t\t<\/div>\n\t\t\t\t\t<\/div>\n\t\t<\/section>\n\t\t\t\t<\/div>\n\t\t","protected":false},"excerpt":{"rendered":"<p>Tomate rosa Esta variedad disponible en la subasta hortofrut\u00edcola de Agrupalmer\u00eda, se cultiva en distintas zonas de Espa\u00f1a y es de un tama\u00f1o peculiar. Su color, rojo suave, rosa o rosado, bastante m\u00e1s p\u00e1lido que ese rojo intenso de variedades como el tomate redondo o el tomate pera. Adem\u00e1s, tiene una forma irregular, en parte &hellip; <\/p>\n<p class=\"more-link-wrap\"><a href=\"https:\/\/agrupalmeria.com\/en\/tomate-rosa\/\" class=\"more-link\">Read More<span class=\"screen-reader-text\"> \u00abTomate Rosa\u00bb<\/span><\/a><\/p>","protected":false},"author":1,"featured_media":0,"parent":0,"menu_order":0,"comment_status":"closed","ping_status":"closed","template":"","meta":{"inline_featured_image":false,"wprm-recipe-roundup-name":"","wprm-recipe-roundup-description":"","footnotes":""},"class_list":["post-3174","page","type-page","status-publish","hentry"],"yoast_head":"<!-- This site is optimized with the Yoast SEO Premium plugin v18.9 (Yoast SEO v27.2) - https:\/\/yoast.com\/product\/yoast-seo-premium-wordpress\/ -->\n<title>Tomate Rosa - Agrupalmer\u00eda<\/title>\n<meta name=\"description\" content=\"El tomate rosa es una variedad, disponible en la subasta hortofrut\u00edcola de Agrupalmer\u00eda, que se cultiva en distintas zonas de Espa\u00f1a\" \/>\n<meta name=\"robots\" content=\"index, follow, max-snippet:-1, max-image-preview:large, max-video-preview:-1\" \/>\n<link rel=\"canonical\" href=\"https:\/\/agrupalmeria.com\/en\/tomate-rosa\/\" \/>\n<meta property=\"og:locale\" content=\"en_GB\" \/>\n<meta property=\"og:type\" content=\"article\" \/>\n<meta property=\"og:title\" content=\"Tomate Rosa\" \/>\n<meta property=\"og:description\" content=\"El tomate rosa es una variedad, disponible en la subasta hortofrut\u00edcola de Agrupalmer\u00eda, que se cultiva en distintas zonas de Espa\u00f1a\" \/>\n<meta property=\"og:url\" content=\"https:\/\/agrupalmeria.com\/en\/tomate-rosa\/\" \/>\n<meta property=\"og:site_name\" content=\"Agrupalmer\u00eda\" \/>\n<meta property=\"article:modified_time\" content=\"2022-06-03T15:37:10+00:00\" \/>\n<meta property=\"og:image\" content=\"https:\/\/agrupalmeria.com\/wp-content\/uploads\/2022\/02\/tomate-rosa-dentro-768x512.jpg\" \/>\n<meta name=\"twitter:card\" content=\"summary_large_image\" \/>\n<meta name=\"twitter:label1\" content=\"Estimated reading time\" \/>\n\t<meta name=\"twitter:data1\" content=\"1 minute\" \/>\n<script type=\"application\/ld+json\" class=\"yoast-schema-graph\">{\"@context\":\"https:\/\/schema.org\",\"@graph\":[{\"@type\":\"WebPage\",\"@id\":\"https:\/\/agrupalmeria.com\/tomate-rosa\/\",\"url\":\"https:\/\/agrupalmeria.com\/tomate-rosa\/\",\"name\":\"Tomate Rosa - Agrupalmer\u00eda\",\"isPartOf\":{\"@id\":\"https:\/\/agrupalmeria.com\/#website\"},\"primaryImageOfPage\":{\"@id\":\"https:\/\/agrupalmeria.com\/tomate-rosa\/#primaryimage\"},\"image\":{\"@id\":\"https:\/\/agrupalmeria.com\/tomate-rosa\/#primaryimage\"},\"thumbnailUrl\":\"https:\/\/agrupalmeria.com\/wp-content\/uploads\/2022\/02\/tomate-rosa-dentro-768x512.jpg\",\"datePublished\":\"2022-02-18T00:52:58+00:00\",\"dateModified\":\"2022-06-03T15:37:10+00:00\",\"description\":\"El tomate rosa es una variedad, disponible en la subasta hortofrut\u00edcola de Agrupalmer\u00eda, que se cultiva en distintas zonas de Espa\u00f1a\",\"breadcrumb\":{\"@id\":\"https:\/\/agrupalmeria.com\/tomate-rosa\/#breadcrumb\"},\"inLanguage\":\"en-GB\",\"potentialAction\":[{\"@type\":\"ReadAction\",\"target\":[\"https:\/\/agrupalmeria.com\/tomate-rosa\/\"]}]},{\"@type\":\"ImageObject\",\"inLanguage\":\"en-GB\",\"@id\":\"https:\/\/agrupalmeria.com\/tomate-rosa\/#primaryimage\",\"url\":\"https:\/\/agrupalmeria.com\/wp-content\/uploads\/2022\/02\/tomate-rosa-dentro-768x512.jpg\",\"contentUrl\":\"https:\/\/agrupalmeria.com\/wp-content\/uploads\/2022\/02\/tomate-rosa-dentro-768x512.jpg\"},{\"@type\":\"BreadcrumbList\",\"@id\":\"https:\/\/agrupalmeria.com\/tomate-rosa\/#breadcrumb\",\"itemListElement\":[{\"@type\":\"ListItem\",\"position\":1,\"name\":\"Portada\",\"item\":\"https:\/\/agrupalmeria.com\/\"},{\"@type\":\"ListItem\",\"position\":2,\"name\":\"Tomate Rosa\"}]},{\"@type\":\"WebSite\",\"@id\":\"https:\/\/agrupalmeria.com\/#website\",\"url\":\"https:\/\/agrupalmeria.com\/\",\"name\":\"Agrupalmer\u00eda - El mejor tomate de Almer\u00eda\",\"description\":\"Subasta hortofrut\u00edcola con todas las variedades de tomate y el mejor tomate raf de Almer\u00eda\",\"publisher\":{\"@id\":\"https:\/\/agrupalmeria.com\/#organization\"},\"alternateName\":\"Agrupalmer\u00eda\",\"potentialAction\":[{\"@type\":\"SearchAction\",\"target\":{\"@type\":\"EntryPoint\",\"urlTemplate\":\"https:\/\/agrupalmeria.com\/?s={search_term_string}\"},\"query-input\":{\"@type\":\"PropertyValueSpecification\",\"valueRequired\":true,\"valueName\":\"search_term_string\"}}],\"inLanguage\":\"en-GB\"},{\"@type\":\"Organization\",\"@id\":\"https:\/\/agrupalmeria.com\/#organization\",\"name\":\"Agrupalmer\u00eda\",\"url\":\"https:\/\/agrupalmeria.com\/\",\"logo\":{\"@type\":\"ImageObject\",\"inLanguage\":\"en-GB\",\"@id\":\"https:\/\/agrupalmeria.com\/#\/schema\/logo\/image\/\",\"url\":\"https:\/\/agrupalmeria.com\/wp-content\/uploads\/2021\/11\/cropped-logotipo-agrupalmeria-color.png\",\"contentUrl\":\"https:\/\/agrupalmeria.com\/wp-content\/uploads\/2021\/11\/cropped-logotipo-agrupalmeria-color.png\",\"width\":5924,\"height\":1184,\"caption\":\"Agrupalmer\u00eda\"},\"image\":{\"@id\":\"https:\/\/agrupalmeria.com\/#\/schema\/logo\/image\/\"}}]}<\/script>\n<!-- \/ Yoast SEO Premium plugin. -->","yoast_head_json":{"title":"Tomate Rosa - Agrupalmer\u00eda","description":"El tomate rosa es una variedad, disponible en la subasta hortofrut\u00edcola de Agrupalmer\u00eda, que se cultiva en distintas zonas de Espa\u00f1a","robots":{"index":"index","follow":"follow","max-snippet":"max-snippet:-1","max-image-preview":"max-image-preview:large","max-video-preview":"max-video-preview:-1"},"canonical":"https:\/\/agrupalmeria.com\/en\/tomate-rosa\/","og_locale":"en_GB","og_type":"article","og_title":"Tomate Rosa","og_description":"El tomate rosa es una variedad, disponible en la subasta hortofrut\u00edcola de Agrupalmer\u00eda, que se cultiva en distintas zonas de Espa\u00f1a","og_url":"https:\/\/agrupalmeria.com\/en\/tomate-rosa\/","og_site_name":"Agrupalmer\u00eda","article_modified_time":"2022-06-03T15:37:10+00:00","og_image":[{"url":"https:\/\/agrupalmeria.com\/wp-content\/uploads\/2022\/02\/tomate-rosa-dentro-768x512.jpg","type":"","width":"","height":""}],"twitter_card":"summary_large_image","twitter_misc":{"Estimated reading time":"1 minute"},"schema":{"@context":"https:\/\/schema.org","@graph":[{"@type":"WebPage","@id":"https:\/\/agrupalmeria.com\/tomate-rosa\/","url":"https:\/\/agrupalmeria.com\/tomate-rosa\/","name":"Tomate Rosa - Agrupalmer\u00eda","isPartOf":{"@id":"https:\/\/agrupalmeria.com\/#website"},"primaryImageOfPage":{"@id":"https:\/\/agrupalmeria.com\/tomate-rosa\/#primaryimage"},"image":{"@id":"https:\/\/agrupalmeria.com\/tomate-rosa\/#primaryimage"},"thumbnailUrl":"https:\/\/agrupalmeria.com\/wp-content\/uploads\/2022\/02\/tomate-rosa-dentro-768x512.jpg","datePublished":"2022-02-18T00:52:58+00:00","dateModified":"2022-06-03T15:37:10+00:00","description":"El tomate rosa es una variedad, disponible en la subasta hortofrut\u00edcola de Agrupalmer\u00eda, que se cultiva en distintas zonas de Espa\u00f1a","breadcrumb":{"@id":"https:\/\/agrupalmeria.com\/tomate-rosa\/#breadcrumb"},"inLanguage":"en-GB","potentialAction":[{"@type":"ReadAction","target":["https:\/\/agrupalmeria.com\/tomate-rosa\/"]}]},{"@type":"ImageObject","inLanguage":"en-GB","@id":"https:\/\/agrupalmeria.com\/tomate-rosa\/#primaryimage","url":"https:\/\/agrupalmeria.com\/wp-content\/uploads\/2022\/02\/tomate-rosa-dentro-768x512.jpg","contentUrl":"https:\/\/agrupalmeria.com\/wp-content\/uploads\/2022\/02\/tomate-rosa-dentro-768x512.jpg"},{"@type":"BreadcrumbList","@id":"https:\/\/agrupalmeria.com\/tomate-rosa\/#breadcrumb","itemListElement":[{"@type":"ListItem","position":1,"name":"Portada","item":"https:\/\/agrupalmeria.com\/"},{"@type":"ListItem","position":2,"name":"Tomate Rosa"}]},{"@type":"WebSite","@id":"https:\/\/agrupalmeria.com\/#website","url":"https:\/\/agrupalmeria.com\/","name":"Agrupalmer\u00eda - El mejor tomate de Almer\u00eda","description":"Subasta hortofrut\u00edcola con todas las variedades de tomate y el mejor tomate raf de Almer\u00eda","publisher":{"@id":"https:\/\/agrupalmeria.com\/#organization"},"alternateName":"Agrupalmer\u00eda","potentialAction":[{"@type":"SearchAction","target":{"@type":"EntryPoint","urlTemplate":"https:\/\/agrupalmeria.com\/?s={search_term_string}"},"query-input":{"@type":"PropertyValueSpecification","valueRequired":true,"valueName":"search_term_string"}}],"inLanguage":"en-GB"},{"@type":"Organization","@id":"https:\/\/agrupalmeria.com\/#organization","name":"Agrupalmer\u00eda","url":"https:\/\/agrupalmeria.com\/","logo":{"@type":"ImageObject","inLanguage":"en-GB","@id":"https:\/\/agrupalmeria.com\/#\/schema\/logo\/image\/","url":"https:\/\/agrupalmeria.com\/wp-content\/uploads\/2021\/11\/cropped-logotipo-agrupalmeria-color.png","contentUrl":"https:\/\/agrupalmeria.com\/wp-content\/uploads\/2021\/11\/cropped-logotipo-agrupalmeria-color.png","width":5924,"height":1184,"caption":"Agrupalmer\u00eda"},"image":{"@id":"https:\/\/agrupalmeria.com\/#\/schema\/logo\/image\/"}}]}},"_links":{"self":[{"href":"https:\/\/agrupalmeria.com\/en\/wp-json\/wp\/v2\/pages\/3174","targetHints":{"allow":["GET"]}}],"collection":[{"href":"https:\/\/agrupalmeria.com\/en\/wp-json\/wp\/v2\/pages"}],"about":[{"href":"https:\/\/agrupalmeria.com\/en\/wp-json\/wp\/v2\/types\/page"}],"author":[{"embeddable":true,"href":"https:\/\/agrupalmeria.com\/en\/wp-json\/wp\/v2\/users\/1"}],"replies":[{"embeddable":true,"href":"https:\/\/agrupalmeria.com\/en\/wp-json\/wp\/v2\/comments?post=3174"}],"version-history":[{"count":38,"href":"https:\/\/agrupalmeria.com\/en\/wp-json\/wp\/v2\/pages\/3174\/revisions"}],"predecessor-version":[{"id":4137,"href":"https:\/\/agrupalmeria.com\/en\/wp-json\/wp\/v2\/pages\/3174\/revisions\/4137"}],"wp:attachment":[{"href":"https:\/\/agrupalmeria.com\/en\/wp-json\/wp\/v2\/media?parent=3174"}],"curies":[{"name":"wp","href":"https:\/\/api.w.org\/{rel}","templated":true}]}}