{"id":3120,"date":"2022-02-04T13:29:42","date_gmt":"2022-02-04T13:29:42","guid":{"rendered":"https:\/\/agrupalmeria.com\/?page_id=3120"},"modified":"2022-06-03T15:23:41","modified_gmt":"2022-06-03T15:23:41","slug":"melon-galia","status":"publish","type":"page","link":"https:\/\/agrupalmeria.com\/en\/melon-galia\/","title":{"rendered":"Melon Galia"},"content":{"rendered":"\t\t<div data-elementor-type=\"wp-page\" data-elementor-id=\"3120\" class=\"elementor elementor-3120\">\n\t\t\t\t\t\t<section class=\"elementor-section elementor-top-section elementor-element elementor-element-310c6427 elementor-section-boxed elementor-section-height-default elementor-section-height-default\" data-id=\"310c6427\" data-element_type=\"section\">\n\t\t\t\t\t\t<div class=\"elementor-container elementor-column-gap-default\">\n\t\t\t\t\t<div class=\"elementor-column elementor-col-100 elementor-top-column elementor-element elementor-element-595d8dd6\" data-id=\"595d8dd6\" data-element_type=\"column\">\n\t\t\t<div class=\"elementor-widget-wrap elementor-element-populated\">\n\t\t\t\t\t\t<div class=\"elementor-element elementor-element-e0e1acd elementor-widget elementor-widget-spacer\" data-id=\"e0e1acd\" data-element_type=\"widget\" data-widget_type=\"spacer.default\">\n\t\t\t\t<div class=\"elementor-widget-container\">\n\t\t\t<style>\/*! elementor - v3.21.0 - 26-05-2024 *\/\n.elementor-column .elementor-spacer-inner{height:var(--spacer-size)}.e-con{--container-widget-width:100%}.e-con-inner>.elementor-widget-spacer,.e-con>.elementor-widget-spacer{width:var(--container-widget-width,var(--spacer-size));--align-self:var(--container-widget-align-self,initial);--flex-shrink:0}.e-con-inner>.elementor-widget-spacer>.elementor-widget-container,.e-con>.elementor-widget-spacer>.elementor-widget-container{height:100%;width:100%}.e-con-inner>.elementor-widget-spacer>.elementor-widget-container>.elementor-spacer,.e-con>.elementor-widget-spacer>.elementor-widget-container>.elementor-spacer{height:100%}.e-con-inner>.elementor-widget-spacer>.elementor-widget-container>.elementor-spacer>.elementor-spacer-inner,.e-con>.elementor-widget-spacer>.elementor-widget-container>.elementor-spacer>.elementor-spacer-inner{height:var(--container-widget-height,var(--spacer-size))}.e-con-inner>.elementor-widget-spacer.elementor-widget-empty,.e-con>.elementor-widget-spacer.elementor-widget-empty{position:relative;min-height:22px;min-width:22px}.e-con-inner>.elementor-widget-spacer.elementor-widget-empty .elementor-widget-empty-icon,.e-con>.elementor-widget-spacer.elementor-widget-empty .elementor-widget-empty-icon{position:absolute;top:0;bottom:0;left:0;right:0;margin:auto;padding:0;width:22px;height:22px}<\/style>        <div class=\"elementor-spacer\">\n            <div class=\"elementor-spacer-inner\"><\/div>\n        <\/div>\n\t\t\t\t<\/div>\n\t\t\t\t<\/div>\n\t\t\t\t\t<\/div>\n\t\t<\/div>\n\t\t\t\t\t<\/div>\n\t\t<\/section>\n\t\t\t\t<section class=\"elementor-section elementor-top-section elementor-element elementor-element-314ff09f elementor-section-boxed elementor-section-height-default elementor-section-height-default\" data-id=\"314ff09f\" data-element_type=\"section\">\n\t\t\t\t\t\t<div class=\"elementor-container elementor-column-gap-default\">\n\t\t\t\t\t<div class=\"elementor-column elementor-col-50 elementor-top-column elementor-element elementor-element-41da03c4\" data-id=\"41da03c4\" data-element_type=\"column\">\n\t\t\t<div class=\"elementor-widget-wrap elementor-element-populated\">\n\t\t\t\t\t\t<div class=\"elementor-element elementor-element-5d32bbff elementor-widget elementor-widget-image\" data-id=\"5d32bbff\" data-element_type=\"widget\" data-widget_type=\"image.default\">\n\t\t\t\t<div class=\"elementor-widget-container\">\n\t\t\t<style>\/*! elementor - v3.21.0 - 26-05-2024 *\/\n.elementor-widget-image{text-align:center}.elementor-widget-image a{display:inline-block}.elementor-widget-image a img[src$=\".svg\"]{width:48px}.elementor-widget-image img{vertical-align:middle;display:inline-block}<\/style>\t\t\t\t\t\t\t\t\t\t<img fetchpriority=\"high\" decoding=\"async\" width=\"600\" height=\"600\" src=\"https:\/\/agrupalmeria.com\/wp-content\/uploads\/2022\/03\/melon-galia-768x768.jpg\" class=\"attachment-medium_large size-medium_large wp-image-3398\" alt=\"melon galia agrupalmeria\" srcset=\"https:\/\/agrupalmeria.com\/wp-content\/uploads\/2022\/03\/melon-galia-768x768.jpg 768w, https:\/\/agrupalmeria.com\/wp-content\/uploads\/2022\/03\/melon-galia-300x300.jpg 300w, https:\/\/agrupalmeria.com\/wp-content\/uploads\/2022\/03\/melon-galia-1024x1024.jpg 1024w, https:\/\/agrupalmeria.com\/wp-content\/uploads\/2022\/03\/melon-galia-150x150.jpg 150w, https:\/\/agrupalmeria.com\/wp-content\/uploads\/2022\/03\/melon-galia-700x700.jpg 700w, https:\/\/agrupalmeria.com\/wp-content\/uploads\/2022\/03\/melon-galia-600x600.jpg 600w, https:\/\/agrupalmeria.com\/wp-content\/uploads\/2022\/03\/melon-galia-100x100.jpg 100w, https:\/\/agrupalmeria.com\/wp-content\/uploads\/2022\/03\/melon-galia.jpg 1080w\" sizes=\"(max-width: 600px) 100vw, 600px\" \/>\t\t\t\t\t\t\t\t\t\t\t\t\t<\/div>\n\t\t\t\t<\/div>\n\t\t\t\t\t<\/div>\n\t\t<\/div>\n\t\t\t\t<div class=\"elementor-column elementor-col-50 elementor-top-column elementor-element elementor-element-7d78c42\" data-id=\"7d78c42\" data-element_type=\"column\">\n\t\t\t<div class=\"elementor-widget-wrap elementor-element-populated\">\n\t\t\t\t\t\t<div class=\"elementor-element elementor-element-7d5094de elementor-widget elementor-widget-heading\" data-id=\"7d5094de\" data-element_type=\"widget\" data-widget_type=\"heading.default\">\n\t\t\t\t<div class=\"elementor-widget-container\">\n\t\t\t<style>\/*! elementor - v3.21.0 - 26-05-2024 *\/\n.elementor-heading-title{padding:0;margin:0;line-height:1}.elementor-widget-heading .elementor-heading-title[class*=elementor-size-]>a{color:inherit;font-size:inherit;line-height:inherit}.elementor-widget-heading .elementor-heading-title.elementor-size-small{font-size:15px}.elementor-widget-heading .elementor-heading-title.elementor-size-medium{font-size:19px}.elementor-widget-heading .elementor-heading-title.elementor-size-large{font-size:29px}.elementor-widget-heading .elementor-heading-title.elementor-size-xl{font-size:39px}.elementor-widget-heading .elementor-heading-title.elementor-size-xxl{font-size:59px}<\/style><div class=\"elementor-heading-wrapper\" ><div class=\"elementor-heading-wrapper-inner\"><h1 class=\"elementor-heading-title elementor-size-default\">Mel\u00f3n Galia<\/h1><\/div><\/div>\t\t<\/div>\n\t\t\t\t<\/div>\n\t\t\t\t<div class=\"elementor-element elementor-element-1c727c3e elementor-widget elementor-widget-spacer\" data-id=\"1c727c3e\" data-element_type=\"widget\" data-widget_type=\"spacer.default\">\n\t\t\t\t<div class=\"elementor-widget-container\">\n\t\t\t        <div class=\"elementor-spacer\">\n            <div class=\"elementor-spacer-inner\"><\/div>\n        <\/div>\n\t\t\t\t<\/div>\n\t\t\t\t<\/div>\n\t\t\t\t<div class=\"elementor-element elementor-element-6c5d2007 elementor-widget elementor-widget-text-editor\" data-id=\"6c5d2007\" data-element_type=\"widget\" data-widget_type=\"text-editor.default\">\n\t\t\t\t<div class=\"elementor-widget-container\">\n\t\t\t<style>\/*! elementor - v3.21.0 - 26-05-2024 *\/\n.elementor-widget-text-editor.elementor-drop-cap-view-stacked .elementor-drop-cap{background-color:#69727d;color:#fff}.elementor-widget-text-editor.elementor-drop-cap-view-framed .elementor-drop-cap{color:#69727d;border:3px solid;background-color:transparent}.elementor-widget-text-editor:not(.elementor-drop-cap-view-default) .elementor-drop-cap{margin-top:8px}.elementor-widget-text-editor:not(.elementor-drop-cap-view-default) .elementor-drop-cap-letter{width:1em;height:1em}.elementor-widget-text-editor .elementor-drop-cap{float:left;text-align:center;line-height:1;font-size:50px}.elementor-widget-text-editor .elementor-drop-cap-letter{display:inline-block}<\/style>        <div class=\"elementor-text-editor elementor-clearfix\"><p>El <strong>mel\u00f3n Galia<\/strong> es un mel\u00f3n peque\u00f1o y esf\u00e9rico. Su piel es amarilla con toques verdes y numerosas estr\u00edas que le dan una textura rugosa. Su pulpa es de color verde intenso, muy dulce con una carne tierna que se deshace en la boca. Un manjar para los amantes del mel\u00f3n.<\/p><p>Su piel es fina y su carne presenta una textura tierna por lo que cortarlo es una tarea f\u00e1cil. No suele sobrepasar el kg de peso.<\/p><p>Cuando se dice que el mel\u00f3n es hidratante por su jugosidad no es mentira y as\u00ed lo avalan los datos: el 85% de su carne es agua, muy similar a la proporci\u00f3n del cuerpo humano. Adem\u00e1s, contiene un nivel muy bajo de grasas y de calor\u00edas. \u00a0<\/p><p><strong>Beneficios para la salud<\/strong>:<\/p><ul><li>Dentro de sus beneficios destaca su alto contenido en el antioxidante del betacaroteno, que se convierte en vitamina A en el cuerpo y es esencial para nuestro organismo.<\/li><li>Elevada cantidad de vitamina C, B9 y \u00e1cido f\u00f3lico, beneficioso para las mujeres embarazadas.<\/li><li>El contenido en \u00e1cido pantot\u00e9nico o vitamina B5 de la que esta fruta dispone, ayuda a la transformaci\u00f3n de los nutrientes en energ\u00eda, a reducir los triglic\u00e9ridos y los niveles elevados de colesterol mejorando y protegiendo la salud cardiovascular.<\/li><\/ul><\/div>\n        \t\t<\/div>\n\t\t\t\t<\/div>\n\t\t\t\t\t<\/div>\n\t\t<\/div>\n\t\t\t\t\t<\/div>\n\t\t<\/section>\n\t\t\t\t<section class=\"elementor-section elementor-top-section elementor-element elementor-element-3a2eafa6 elementor-section-full_width elementor-section-stretched elementor-section-height-default elementor-section-height-default\" data-id=\"3a2eafa6\" data-element_type=\"section\" data-settings=\"{&quot;stretch_section&quot;:&quot;section-stretched&quot;,&quot;background_background&quot;:&quot;classic&quot;}\">\n\t\t\t\t\t\t<div class=\"elementor-container elementor-column-gap-default\">\n\t\t\t\t\t<div class=\"elementor-column elementor-col-100 elementor-top-column elementor-element elementor-element-107e6125\" data-id=\"107e6125\" data-element_type=\"column\">\n\t\t\t<div class=\"elementor-widget-wrap elementor-element-populated\">\n\t\t\t\t\t\t<div class=\"elementor-element elementor-element-61d5d0ee elementor-widget elementor-widget-spacer\" data-id=\"61d5d0ee\" data-element_type=\"widget\" data-widget_type=\"spacer.default\">\n\t\t\t\t<div class=\"elementor-widget-container\">\n\t\t\t        <div class=\"elementor-spacer\">\n            <div class=\"elementor-spacer-inner\"><\/div>\n        <\/div>\n\t\t\t\t<\/div>\n\t\t\t\t<\/div>\n\t\t\t\t<div class=\"elementor-element elementor-element-7ed1a7c7 elementor-widget elementor-widget-heading\" data-id=\"7ed1a7c7\" data-element_type=\"widget\" data-widget_type=\"heading.default\">\n\t\t\t\t<div class=\"elementor-widget-container\">\n\t\t\t<div class=\"elementor-heading-wrapper\" ><div class=\"elementor-heading-wrapper-inner\"><h2 class=\"elementor-heading-title elementor-size-default\">CALENDARIO DE PRODUCCI\u00d3N<\/h2><\/div><\/div>\t\t<\/div>\n\t\t\t\t<\/div>\n\t\t\t\t<div class=\"elementor-element elementor-element-7011cfbe elementor-widget elementor-widget-spacer\" data-id=\"7011cfbe\" data-element_type=\"widget\" data-widget_type=\"spacer.default\">\n\t\t\t\t<div class=\"elementor-widget-container\">\n\t\t\t        <div class=\"elementor-spacer\">\n            <div class=\"elementor-spacer-inner\"><\/div>\n        <\/div>\n\t\t\t\t<\/div>\n\t\t\t\t<\/div>\n\t\t\t\t<div class=\"elementor-element elementor-element-20b52197 elementor-align-center elementor-widget elementor-widget-icon-list\" data-id=\"20b52197\" data-element_type=\"widget\" data-widget_type=\"icon-list.default\">\n\t\t\t\t<div class=\"elementor-widget-container\">\n\t\t\t<link rel=\"stylesheet\" href=\"https:\/\/agrupalmeria.com\/wp-content\/plugins\/elementor\/assets\/css\/widget-icon-list.min.css\">        <ul class=\"elementor-icon-list-items elementor-inline-items\">\n                            <li class=\"elementor-icon-list-item\" >\n                                            <span class=\"elementor-icon-list-icon\">\n\t\t\t\t\t\t\t<i class=\"fa fa-square-o\" aria-hidden=\"true\"><\/i>\n\t\t\t\t\t\t<\/span>\n                                        <span class=\"elementor-icon-list-text\">ENE<\/span>\n                                    <\/li>\n                            <li class=\"elementor-icon-list-item\" >\n                                            <span class=\"elementor-icon-list-icon\">\n\t\t\t\t\t\t\t<i class=\"fa fa-square-o\" aria-hidden=\"true\"><\/i>\n\t\t\t\t\t\t<\/span>\n                                        <span class=\"elementor-icon-list-text\">FEB<\/span>\n                                    <\/li>\n                            <li class=\"elementor-icon-list-item\" >\n                                            <span class=\"elementor-icon-list-icon\">\n\t\t\t\t\t\t\t<i class=\"fa fa-square-o\" aria-hidden=\"true\"><\/i>\n\t\t\t\t\t\t<\/span>\n                                        <span class=\"elementor-icon-list-text\">MAR<\/span>\n                                    <\/li>\n                            <li class=\"elementor-icon-list-item\" >\n                                            <span class=\"elementor-icon-list-icon\">\n\t\t\t\t\t\t\t<i class=\"fa fa-square\" aria-hidden=\"true\"><\/i>\n\t\t\t\t\t\t<\/span>\n                                        <span class=\"elementor-icon-list-text\">ABR<\/span>\n                                    <\/li>\n                            <li class=\"elementor-icon-list-item\" >\n                                            <span class=\"elementor-icon-list-icon\">\n\t\t\t\t\t\t\t<i class=\"fa fa-square\" aria-hidden=\"true\"><\/i>\n\t\t\t\t\t\t<\/span>\n                                        <span class=\"elementor-icon-list-text\">MAY<\/span>\n                                    <\/li>\n                            <li class=\"elementor-icon-list-item\" >\n                                            <span class=\"elementor-icon-list-icon\">\n\t\t\t\t\t\t\t<i class=\"fa fa-square\" aria-hidden=\"true\"><\/i>\n\t\t\t\t\t\t<\/span>\n                                        <span class=\"elementor-icon-list-text\">JUN<\/span>\n                                    <\/li>\n                            <li class=\"elementor-icon-list-item\" >\n                                            <span class=\"elementor-icon-list-icon\">\n\t\t\t\t\t\t\t<i class=\"fa fa-square\" aria-hidden=\"true\"><\/i>\n\t\t\t\t\t\t<\/span>\n                                        <span class=\"elementor-icon-list-text\">JUL<\/span>\n                                    <\/li>\n                            <li class=\"elementor-icon-list-item\" >\n                                            <span class=\"elementor-icon-list-icon\">\n\t\t\t\t\t\t\t<i class=\"fa fa-square-o\" aria-hidden=\"true\"><\/i>\n\t\t\t\t\t\t<\/span>\n                                        <span class=\"elementor-icon-list-text\">AGO<\/span>\n                                    <\/li>\n                            <li class=\"elementor-icon-list-item\" >\n                                            <span class=\"elementor-icon-list-icon\">\n\t\t\t\t\t\t\t<i class=\"fa fa-square-o\" aria-hidden=\"true\"><\/i>\n\t\t\t\t\t\t<\/span>\n                                        <span class=\"elementor-icon-list-text\">SEP<\/span>\n                                    <\/li>\n                            <li class=\"elementor-icon-list-item\" >\n                                            <span class=\"elementor-icon-list-icon\">\n\t\t\t\t\t\t\t<i class=\"fa fa-square-o\" aria-hidden=\"true\"><\/i>\n\t\t\t\t\t\t<\/span>\n                                        <span class=\"elementor-icon-list-text\">OCT<\/span>\n                                    <\/li>\n                            <li class=\"elementor-icon-list-item\" >\n                                            <span class=\"elementor-icon-list-icon\">\n\t\t\t\t\t\t\t<i class=\"fa fa-square-o\" aria-hidden=\"true\"><\/i>\n\t\t\t\t\t\t<\/span>\n                                        <span class=\"elementor-icon-list-text\">NOV<\/span>\n                                    <\/li>\n                            <li class=\"elementor-icon-list-item\" >\n                                            <span class=\"elementor-icon-list-icon\">\n\t\t\t\t\t\t\t<i class=\"fa fa-square-o\" aria-hidden=\"true\"><\/i>\n\t\t\t\t\t\t<\/span>\n                                        <span class=\"elementor-icon-list-text\">DIC<\/span>\n                                    <\/li>\n                    <\/ul>\n        \t\t<\/div>\n\t\t\t\t<\/div>\n\t\t\t\t<div class=\"elementor-element elementor-element-1cf6771f elementor-widget elementor-widget-spacer\" data-id=\"1cf6771f\" data-element_type=\"widget\" data-widget_type=\"spacer.default\">\n\t\t\t\t<div class=\"elementor-widget-container\">\n\t\t\t        <div class=\"elementor-spacer\">\n            <div class=\"elementor-spacer-inner\"><\/div>\n        <\/div>\n\t\t\t\t<\/div>\n\t\t\t\t<\/div>\n\t\t\t\t\t<\/div>\n\t\t<\/div>\n\t\t\t\t\t<\/div>\n\t\t<\/section>\n\t\t\t\t<\/div>\n\t\t","protected":false},"excerpt":{"rendered":"<p>Mel\u00f3n Galia El mel\u00f3n Galia es un mel\u00f3n peque\u00f1o y esf\u00e9rico. Su piel es amarilla con toques verdes y numerosas estr\u00edas que le dan una textura rugosa. Su pulpa es de color verde intenso, muy dulce con una carne tierna que se deshace en la boca. Un manjar para los amantes del mel\u00f3n. Su piel &hellip; <\/p>\n<p class=\"more-link-wrap\"><a href=\"https:\/\/agrupalmeria.com\/en\/melon-galia\/\" class=\"more-link\">Read More<span class=\"screen-reader-text\"> \u00abMel\u00f3n Galia\u00bb<\/span><\/a><\/p>","protected":false},"author":1,"featured_media":0,"parent":0,"menu_order":0,"comment_status":"closed","ping_status":"closed","template":"","meta":{"inline_featured_image":false,"wprm-recipe-roundup-name":"","wprm-recipe-roundup-description":"","footnotes":""},"class_list":["post-3120","page","type-page","status-publish","hentry"],"yoast_head":"<!-- This site is optimized with the Yoast SEO Premium plugin v18.9 (Yoast SEO v27.5) - https:\/\/yoast.com\/product\/yoast-seo-premium-wordpress\/ -->\n<title>Mel\u00f3n Galia - Agrupalmer\u00eda<\/title>\n<meta name=\"description\" content=\"El mel\u00f3n Galia es un mel\u00f3n peque\u00f1o y esf\u00e9rico. Su piel es amarilla con toques verdes y numerosas estr\u00edas que le dan una textura rugosa.\" \/>\n<meta name=\"robots\" content=\"index, follow, max-snippet:-1, max-image-preview:large, max-video-preview:-1\" \/>\n<link rel=\"canonical\" href=\"https:\/\/agrupalmeria.com\/en\/melon-galia\/\" \/>\n<meta property=\"og:locale\" content=\"en_GB\" \/>\n<meta property=\"og:type\" content=\"article\" \/>\n<meta property=\"og:title\" content=\"Mel\u00f3n Galia\" \/>\n<meta property=\"og:description\" content=\"El mel\u00f3n Galia es un mel\u00f3n peque\u00f1o y esf\u00e9rico. Su piel es amarilla con toques verdes y numerosas estr\u00edas que le dan una textura rugosa.\" \/>\n<meta property=\"og:url\" content=\"https:\/\/agrupalmeria.com\/en\/melon-galia\/\" \/>\n<meta property=\"og:site_name\" content=\"Agrupalmer\u00eda\" \/>\n<meta property=\"article:modified_time\" content=\"2022-06-03T15:23:41+00:00\" \/>\n<meta property=\"og:image\" content=\"https:\/\/agrupalmeria.com\/wp-content\/uploads\/2022\/03\/melon-galia-768x768.jpg\" \/>\n<meta name=\"twitter:card\" content=\"summary_large_image\" \/>\n<meta name=\"twitter:label1\" content=\"Estimated reading time\" \/>\n\t<meta name=\"twitter:data1\" content=\"2 minutes\" \/>\n<script type=\"application\/ld+json\" class=\"yoast-schema-graph\">{\"@context\":\"https:\\\/\\\/schema.org\",\"@graph\":[{\"@type\":\"WebPage\",\"@id\":\"https:\\\/\\\/agrupalmeria.com\\\/melon-galia\\\/\",\"url\":\"https:\\\/\\\/agrupalmeria.com\\\/melon-galia\\\/\",\"name\":\"Mel\u00f3n Galia - Agrupalmer\u00eda\",\"isPartOf\":{\"@id\":\"https:\\\/\\\/agrupalmeria.com\\\/#website\"},\"primaryImageOfPage\":{\"@id\":\"https:\\\/\\\/agrupalmeria.com\\\/melon-galia\\\/#primaryimage\"},\"image\":{\"@id\":\"https:\\\/\\\/agrupalmeria.com\\\/melon-galia\\\/#primaryimage\"},\"thumbnailUrl\":\"https:\\\/\\\/agrupalmeria.com\\\/wp-content\\\/uploads\\\/2022\\\/03\\\/melon-galia-768x768.jpg\",\"datePublished\":\"2022-02-04T13:29:42+00:00\",\"dateModified\":\"2022-06-03T15:23:41+00:00\",\"description\":\"El mel\u00f3n Galia es un mel\u00f3n peque\u00f1o y esf\u00e9rico. Su piel es amarilla con toques verdes y numerosas estr\u00edas que le dan una textura rugosa.\",\"breadcrumb\":{\"@id\":\"https:\\\/\\\/agrupalmeria.com\\\/melon-galia\\\/#breadcrumb\"},\"inLanguage\":\"en-GB\",\"potentialAction\":[{\"@type\":\"ReadAction\",\"target\":[\"https:\\\/\\\/agrupalmeria.com\\\/melon-galia\\\/\"]}]},{\"@type\":\"ImageObject\",\"inLanguage\":\"en-GB\",\"@id\":\"https:\\\/\\\/agrupalmeria.com\\\/melon-galia\\\/#primaryimage\",\"url\":\"https:\\\/\\\/agrupalmeria.com\\\/wp-content\\\/uploads\\\/2022\\\/03\\\/melon-galia-768x768.jpg\",\"contentUrl\":\"https:\\\/\\\/agrupalmeria.com\\\/wp-content\\\/uploads\\\/2022\\\/03\\\/melon-galia-768x768.jpg\"},{\"@type\":\"BreadcrumbList\",\"@id\":\"https:\\\/\\\/agrupalmeria.com\\\/melon-galia\\\/#breadcrumb\",\"itemListElement\":[{\"@type\":\"ListItem\",\"position\":1,\"name\":\"Portada\",\"item\":\"https:\\\/\\\/agrupalmeria.com\\\/\"},{\"@type\":\"ListItem\",\"position\":2,\"name\":\"Mel\u00f3n Galia\"}]},{\"@type\":\"WebSite\",\"@id\":\"https:\\\/\\\/agrupalmeria.com\\\/#website\",\"url\":\"https:\\\/\\\/agrupalmeria.com\\\/\",\"name\":\"Agrupalmer\u00eda - El mejor tomate de Almer\u00eda\",\"description\":\"Subasta hortofrut\u00edcola con todas las variedades de tomate y el mejor tomate raf de Almer\u00eda\",\"publisher\":{\"@id\":\"https:\\\/\\\/agrupalmeria.com\\\/#organization\"},\"alternateName\":\"Agrupalmer\u00eda\",\"potentialAction\":[{\"@type\":\"SearchAction\",\"target\":{\"@type\":\"EntryPoint\",\"urlTemplate\":\"https:\\\/\\\/agrupalmeria.com\\\/?s={search_term_string}\"},\"query-input\":{\"@type\":\"PropertyValueSpecification\",\"valueRequired\":true,\"valueName\":\"search_term_string\"}}],\"inLanguage\":\"en-GB\"},{\"@type\":\"Organization\",\"@id\":\"https:\\\/\\\/agrupalmeria.com\\\/#organization\",\"name\":\"Agrupalmer\u00eda\",\"url\":\"https:\\\/\\\/agrupalmeria.com\\\/\",\"logo\":{\"@type\":\"ImageObject\",\"inLanguage\":\"en-GB\",\"@id\":\"https:\\\/\\\/agrupalmeria.com\\\/#\\\/schema\\\/logo\\\/image\\\/\",\"url\":\"https:\\\/\\\/agrupalmeria.com\\\/wp-content\\\/uploads\\\/2021\\\/11\\\/cropped-logotipo-agrupalmeria-color.png\",\"contentUrl\":\"https:\\\/\\\/agrupalmeria.com\\\/wp-content\\\/uploads\\\/2021\\\/11\\\/cropped-logotipo-agrupalmeria-color.png\",\"width\":5924,\"height\":1184,\"caption\":\"Agrupalmer\u00eda\"},\"image\":{\"@id\":\"https:\\\/\\\/agrupalmeria.com\\\/#\\\/schema\\\/logo\\\/image\\\/\"}}]}<\/script>\n<!-- \/ Yoast SEO Premium plugin. -->","yoast_head_json":{"title":"Mel\u00f3n Galia - Agrupalmer\u00eda","description":"El mel\u00f3n Galia es un mel\u00f3n peque\u00f1o y esf\u00e9rico. Su piel es amarilla con toques verdes y numerosas estr\u00edas que le dan una textura rugosa.","robots":{"index":"index","follow":"follow","max-snippet":"max-snippet:-1","max-image-preview":"max-image-preview:large","max-video-preview":"max-video-preview:-1"},"canonical":"https:\/\/agrupalmeria.com\/en\/melon-galia\/","og_locale":"en_GB","og_type":"article","og_title":"Mel\u00f3n Galia","og_description":"El mel\u00f3n Galia es un mel\u00f3n peque\u00f1o y esf\u00e9rico. Su piel es amarilla con toques verdes y numerosas estr\u00edas que le dan una textura rugosa.","og_url":"https:\/\/agrupalmeria.com\/en\/melon-galia\/","og_site_name":"Agrupalmer\u00eda","article_modified_time":"2022-06-03T15:23:41+00:00","og_image":[{"url":"https:\/\/agrupalmeria.com\/wp-content\/uploads\/2022\/03\/melon-galia-768x768.jpg","type":"","width":"","height":""}],"twitter_card":"summary_large_image","twitter_misc":{"Estimated reading time":"2 minutes"},"schema":{"@context":"https:\/\/schema.org","@graph":[{"@type":"WebPage","@id":"https:\/\/agrupalmeria.com\/melon-galia\/","url":"https:\/\/agrupalmeria.com\/melon-galia\/","name":"Mel\u00f3n Galia - Agrupalmer\u00eda","isPartOf":{"@id":"https:\/\/agrupalmeria.com\/#website"},"primaryImageOfPage":{"@id":"https:\/\/agrupalmeria.com\/melon-galia\/#primaryimage"},"image":{"@id":"https:\/\/agrupalmeria.com\/melon-galia\/#primaryimage"},"thumbnailUrl":"https:\/\/agrupalmeria.com\/wp-content\/uploads\/2022\/03\/melon-galia-768x768.jpg","datePublished":"2022-02-04T13:29:42+00:00","dateModified":"2022-06-03T15:23:41+00:00","description":"El mel\u00f3n Galia es un mel\u00f3n peque\u00f1o y esf\u00e9rico. Su piel es amarilla con toques verdes y numerosas estr\u00edas que le dan una textura rugosa.","breadcrumb":{"@id":"https:\/\/agrupalmeria.com\/melon-galia\/#breadcrumb"},"inLanguage":"en-GB","potentialAction":[{"@type":"ReadAction","target":["https:\/\/agrupalmeria.com\/melon-galia\/"]}]},{"@type":"ImageObject","inLanguage":"en-GB","@id":"https:\/\/agrupalmeria.com\/melon-galia\/#primaryimage","url":"https:\/\/agrupalmeria.com\/wp-content\/uploads\/2022\/03\/melon-galia-768x768.jpg","contentUrl":"https:\/\/agrupalmeria.com\/wp-content\/uploads\/2022\/03\/melon-galia-768x768.jpg"},{"@type":"BreadcrumbList","@id":"https:\/\/agrupalmeria.com\/melon-galia\/#breadcrumb","itemListElement":[{"@type":"ListItem","position":1,"name":"Portada","item":"https:\/\/agrupalmeria.com\/"},{"@type":"ListItem","position":2,"name":"Mel\u00f3n Galia"}]},{"@type":"WebSite","@id":"https:\/\/agrupalmeria.com\/#website","url":"https:\/\/agrupalmeria.com\/","name":"Agrupalmer\u00eda - El mejor tomate de Almer\u00eda","description":"Subasta hortofrut\u00edcola con todas las variedades de tomate y el mejor tomate raf de Almer\u00eda","publisher":{"@id":"https:\/\/agrupalmeria.com\/#organization"},"alternateName":"Agrupalmer\u00eda","potentialAction":[{"@type":"SearchAction","target":{"@type":"EntryPoint","urlTemplate":"https:\/\/agrupalmeria.com\/?s={search_term_string}"},"query-input":{"@type":"PropertyValueSpecification","valueRequired":true,"valueName":"search_term_string"}}],"inLanguage":"en-GB"},{"@type":"Organization","@id":"https:\/\/agrupalmeria.com\/#organization","name":"Agrupalmer\u00eda","url":"https:\/\/agrupalmeria.com\/","logo":{"@type":"ImageObject","inLanguage":"en-GB","@id":"https:\/\/agrupalmeria.com\/#\/schema\/logo\/image\/","url":"https:\/\/agrupalmeria.com\/wp-content\/uploads\/2021\/11\/cropped-logotipo-agrupalmeria-color.png","contentUrl":"https:\/\/agrupalmeria.com\/wp-content\/uploads\/2021\/11\/cropped-logotipo-agrupalmeria-color.png","width":5924,"height":1184,"caption":"Agrupalmer\u00eda"},"image":{"@id":"https:\/\/agrupalmeria.com\/#\/schema\/logo\/image\/"}}]}},"_links":{"self":[{"href":"https:\/\/agrupalmeria.com\/en\/wp-json\/wp\/v2\/pages\/3120","targetHints":{"allow":["GET"]}}],"collection":[{"href":"https:\/\/agrupalmeria.com\/en\/wp-json\/wp\/v2\/pages"}],"about":[{"href":"https:\/\/agrupalmeria.com\/en\/wp-json\/wp\/v2\/types\/page"}],"author":[{"embeddable":true,"href":"https:\/\/agrupalmeria.com\/en\/wp-json\/wp\/v2\/users\/1"}],"replies":[{"embeddable":true,"href":"https:\/\/agrupalmeria.com\/en\/wp-json\/wp\/v2\/comments?post=3120"}],"version-history":[{"count":27,"href":"https:\/\/agrupalmeria.com\/en\/wp-json\/wp\/v2\/pages\/3120\/revisions"}],"predecessor-version":[{"id":4089,"href":"https:\/\/agrupalmeria.com\/en\/wp-json\/wp\/v2\/pages\/3120\/revisions\/4089"}],"wp:attachment":[{"href":"https:\/\/agrupalmeria.com\/en\/wp-json\/wp\/v2\/media?parent=3120"}],"curies":[{"name":"wp","href":"https:\/\/api.w.org\/{rel}","templated":true}]}}