{"id":3113,"date":"2022-02-04T13:25:19","date_gmt":"2022-02-04T13:25:19","guid":{"rendered":"https:\/\/agrupalmeria.com\/?page_id=3113"},"modified":"2023-01-11T09:22:10","modified_gmt":"2023-01-11T09:22:10","slug":"melon-piel-sapo","status":"publish","type":"page","link":"https:\/\/agrupalmeria.com\/en\/melon-piel-sapo\/","title":{"rendered":"Melon piel de sapo"},"content":{"rendered":"\t\t<div data-elementor-type=\"wp-page\" data-elementor-id=\"3113\" class=\"elementor elementor-3113\">\n\t\t\t\t\t\t<section class=\"elementor-section elementor-top-section elementor-element elementor-element-2f86dab4 elementor-section-boxed elementor-section-height-default elementor-section-height-default\" data-id=\"2f86dab4\" data-element_type=\"section\">\n\t\t\t\t\t\t<div class=\"elementor-container elementor-column-gap-default\">\n\t\t\t\t\t<div class=\"elementor-column elementor-col-100 elementor-top-column elementor-element elementor-element-7ae30f4e\" data-id=\"7ae30f4e\" data-element_type=\"column\">\n\t\t\t<div class=\"elementor-widget-wrap elementor-element-populated\">\n\t\t\t\t\t\t<div class=\"elementor-element elementor-element-4fa083d elementor-widget elementor-widget-spacer\" data-id=\"4fa083d\" data-element_type=\"widget\" data-widget_type=\"spacer.default\">\n\t\t\t\t<div class=\"elementor-widget-container\">\n\t\t\t<style>\/*! elementor - v3.21.0 - 26-05-2024 *\/\n.elementor-column .elementor-spacer-inner{height:var(--spacer-size)}.e-con{--container-widget-width:100%}.e-con-inner>.elementor-widget-spacer,.e-con>.elementor-widget-spacer{width:var(--container-widget-width,var(--spacer-size));--align-self:var(--container-widget-align-self,initial);--flex-shrink:0}.e-con-inner>.elementor-widget-spacer>.elementor-widget-container,.e-con>.elementor-widget-spacer>.elementor-widget-container{height:100%;width:100%}.e-con-inner>.elementor-widget-spacer>.elementor-widget-container>.elementor-spacer,.e-con>.elementor-widget-spacer>.elementor-widget-container>.elementor-spacer{height:100%}.e-con-inner>.elementor-widget-spacer>.elementor-widget-container>.elementor-spacer>.elementor-spacer-inner,.e-con>.elementor-widget-spacer>.elementor-widget-container>.elementor-spacer>.elementor-spacer-inner{height:var(--container-widget-height,var(--spacer-size))}.e-con-inner>.elementor-widget-spacer.elementor-widget-empty,.e-con>.elementor-widget-spacer.elementor-widget-empty{position:relative;min-height:22px;min-width:22px}.e-con-inner>.elementor-widget-spacer.elementor-widget-empty .elementor-widget-empty-icon,.e-con>.elementor-widget-spacer.elementor-widget-empty .elementor-widget-empty-icon{position:absolute;top:0;bottom:0;left:0;right:0;margin:auto;padding:0;width:22px;height:22px}<\/style>        <div class=\"elementor-spacer\">\n            <div class=\"elementor-spacer-inner\"><\/div>\n        <\/div>\n\t\t\t\t<\/div>\n\t\t\t\t<\/div>\n\t\t\t\t\t<\/div>\n\t\t<\/div>\n\t\t\t\t\t<\/div>\n\t\t<\/section>\n\t\t\t\t<section class=\"elementor-section elementor-top-section elementor-element elementor-element-108497d7 elementor-section-boxed elementor-section-height-default elementor-section-height-default\" data-id=\"108497d7\" data-element_type=\"section\">\n\t\t\t\t\t\t<div class=\"elementor-container elementor-column-gap-default\">\n\t\t\t\t\t<div class=\"elementor-column elementor-col-50 elementor-top-column elementor-element elementor-element-7d8c80fa\" data-id=\"7d8c80fa\" data-element_type=\"column\">\n\t\t\t<div class=\"elementor-widget-wrap elementor-element-populated\">\n\t\t\t\t\t\t<div class=\"elementor-element elementor-element-1da1ff0c elementor-widget elementor-widget-image\" data-id=\"1da1ff0c\" data-element_type=\"widget\" data-widget_type=\"image.default\">\n\t\t\t\t<div class=\"elementor-widget-container\">\n\t\t\t<style>\/*! elementor - v3.21.0 - 26-05-2024 *\/\n.elementor-widget-image{text-align:center}.elementor-widget-image a{display:inline-block}.elementor-widget-image a img[src$=\".svg\"]{width:48px}.elementor-widget-image img{vertical-align:middle;display:inline-block}<\/style>\t\t\t\t\t\t\t\t\t\t<img fetchpriority=\"high\" decoding=\"async\" width=\"600\" height=\"600\" src=\"https:\/\/agrupalmeria.com\/wp-content\/uploads\/2022\/03\/melon-piel-de-sapo-768x768.jpg\" class=\"attachment-medium_large size-medium_large wp-image-3413\" alt=\"melon agrupalmeria\" srcset=\"https:\/\/agrupalmeria.com\/wp-content\/uploads\/2022\/03\/melon-piel-de-sapo-768x768.jpg 768w, https:\/\/agrupalmeria.com\/wp-content\/uploads\/2022\/03\/melon-piel-de-sapo-300x300.jpg 300w, https:\/\/agrupalmeria.com\/wp-content\/uploads\/2022\/03\/melon-piel-de-sapo-1024x1024.jpg 1024w, https:\/\/agrupalmeria.com\/wp-content\/uploads\/2022\/03\/melon-piel-de-sapo-150x150.jpg 150w, https:\/\/agrupalmeria.com\/wp-content\/uploads\/2022\/03\/melon-piel-de-sapo-700x700.jpg 700w, https:\/\/agrupalmeria.com\/wp-content\/uploads\/2022\/03\/melon-piel-de-sapo-600x600.jpg 600w, https:\/\/agrupalmeria.com\/wp-content\/uploads\/2022\/03\/melon-piel-de-sapo-100x100.jpg 100w, https:\/\/agrupalmeria.com\/wp-content\/uploads\/2022\/03\/melon-piel-de-sapo.jpg 1080w\" sizes=\"(max-width: 600px) 100vw, 600px\" \/>\t\t\t\t\t\t\t\t\t\t\t\t\t<\/div>\n\t\t\t\t<\/div>\n\t\t\t\t\t<\/div>\n\t\t<\/div>\n\t\t\t\t<div class=\"elementor-column elementor-col-50 elementor-top-column elementor-element elementor-element-4373a9a7\" data-id=\"4373a9a7\" data-element_type=\"column\">\n\t\t\t<div class=\"elementor-widget-wrap elementor-element-populated\">\n\t\t\t\t\t\t<div class=\"elementor-element elementor-element-695ec89f elementor-widget elementor-widget-heading\" data-id=\"695ec89f\" data-element_type=\"widget\" data-widget_type=\"heading.default\">\n\t\t\t\t<div class=\"elementor-widget-container\">\n\t\t\t<style>\/*! elementor - v3.21.0 - 26-05-2024 *\/\n.elementor-heading-title{padding:0;margin:0;line-height:1}.elementor-widget-heading .elementor-heading-title[class*=elementor-size-]>a{color:inherit;font-size:inherit;line-height:inherit}.elementor-widget-heading .elementor-heading-title.elementor-size-small{font-size:15px}.elementor-widget-heading .elementor-heading-title.elementor-size-medium{font-size:19px}.elementor-widget-heading .elementor-heading-title.elementor-size-large{font-size:29px}.elementor-widget-heading .elementor-heading-title.elementor-size-xl{font-size:39px}.elementor-widget-heading .elementor-heading-title.elementor-size-xxl{font-size:59px}<\/style><div class=\"elementor-heading-wrapper\" ><div class=\"elementor-heading-wrapper-inner\"><h2 class=\"elementor-heading-title elementor-size-default\">Mel\u00f3n piel de sapo<\/h2><\/div><\/div>\t\t<\/div>\n\t\t\t\t<\/div>\n\t\t\t\t<div class=\"elementor-element elementor-element-593fdf5d elementor-widget elementor-widget-spacer\" data-id=\"593fdf5d\" data-element_type=\"widget\" data-widget_type=\"spacer.default\">\n\t\t\t\t<div class=\"elementor-widget-container\">\n\t\t\t        <div class=\"elementor-spacer\">\n            <div class=\"elementor-spacer-inner\"><\/div>\n        <\/div>\n\t\t\t\t<\/div>\n\t\t\t\t<\/div>\n\t\t\t\t<div class=\"elementor-element elementor-element-5a8a69e5 elementor-widget elementor-widget-text-editor\" data-id=\"5a8a69e5\" data-element_type=\"widget\" data-widget_type=\"text-editor.default\">\n\t\t\t\t<div class=\"elementor-widget-container\">\n\t\t\t<style>\/*! elementor - v3.21.0 - 26-05-2024 *\/\n.elementor-widget-text-editor.elementor-drop-cap-view-stacked .elementor-drop-cap{background-color:#69727d;color:#fff}.elementor-widget-text-editor.elementor-drop-cap-view-framed .elementor-drop-cap{color:#69727d;border:3px solid;background-color:transparent}.elementor-widget-text-editor:not(.elementor-drop-cap-view-default) .elementor-drop-cap{margin-top:8px}.elementor-widget-text-editor:not(.elementor-drop-cap-view-default) .elementor-drop-cap-letter{width:1em;height:1em}.elementor-widget-text-editor .elementor-drop-cap{float:left;text-align:center;line-height:1;font-size:50px}.elementor-widget-text-editor .elementor-drop-cap-letter{display:inline-block}<\/style>        <div class=\"elementor-text-editor elementor-clearfix\"><p><strong>El mel\u00f3n Piel de Sapo de Agrupalmer\u00eda<\/strong> es una riqu\u00edsima variedad de forma ovalada, de tama\u00f1o medio-grande, de corteza color verde tenue y moteado negro con vetas. La carne de este mel\u00f3n es de excelente calidad, de color blanco puro y textura crujiente.<\/p><p><strong>Beneficios para la salud<\/strong>:<\/p><ul><li>Es una de las frutas m\u00e1s hidratantes, con un 92% de agua y con muy pocas calor\u00edas.<\/li><li>Reduce la hipertensi\u00f3n arterial y mejora la retenci\u00f3n de l\u00edquidos.<\/li><li>Los aportes de minerales como el potasio, magnesio y calcio de esta fruta son elevados, por lo que se aconseja su consumo en personas con alcoholismo, trastornos en la conducta alimenticia, quemaduras, traumatismo o fiebre.<\/li><\/ul><p>Junto con el mel\u00f3n Galia y el mel\u00f3n amarillo, son las variedades preferidas en nuestra<strong> subasta <\/strong>y en el <strong>mercado de frutas y hortalizas almeriense.<\/strong><\/p><p>Otras variedades de mel\u00f3n: <a href=\"https:\/\/agrupalmeria.com\/melon-amarillo\/\">Mel\u00f3n amarillo <\/a>| <a href=\"https:\/\/agrupalmeria.com\/melon-galia\/\">Mel\u00f3n Galia<\/a><\/p><p><strong>\u00a0<\/strong><\/p><\/div>\n        \t\t<\/div>\n\t\t\t\t<\/div>\n\t\t\t\t\t<\/div>\n\t\t<\/div>\n\t\t\t\t\t<\/div>\n\t\t<\/section>\n\t\t\t\t<section class=\"elementor-section elementor-top-section elementor-element elementor-element-7ab8fe7b elementor-section-full_width elementor-section-stretched elementor-section-height-default elementor-section-height-default\" data-id=\"7ab8fe7b\" data-element_type=\"section\" data-settings=\"{&quot;stretch_section&quot;:&quot;section-stretched&quot;,&quot;background_background&quot;:&quot;classic&quot;}\">\n\t\t\t\t\t\t<div class=\"elementor-container elementor-column-gap-default\">\n\t\t\t\t\t<div class=\"elementor-column elementor-col-100 elementor-top-column elementor-element elementor-element-409475b7\" data-id=\"409475b7\" data-element_type=\"column\">\n\t\t\t<div class=\"elementor-widget-wrap elementor-element-populated\">\n\t\t\t\t\t\t<div class=\"elementor-element elementor-element-1636ed0f elementor-widget elementor-widget-spacer\" data-id=\"1636ed0f\" data-element_type=\"widget\" data-widget_type=\"spacer.default\">\n\t\t\t\t<div class=\"elementor-widget-container\">\n\t\t\t        <div class=\"elementor-spacer\">\n            <div class=\"elementor-spacer-inner\"><\/div>\n        <\/div>\n\t\t\t\t<\/div>\n\t\t\t\t<\/div>\n\t\t\t\t<div class=\"elementor-element elementor-element-71d6eee9 elementor-widget elementor-widget-heading\" data-id=\"71d6eee9\" data-element_type=\"widget\" data-widget_type=\"heading.default\">\n\t\t\t\t<div class=\"elementor-widget-container\">\n\t\t\t<div class=\"elementor-heading-wrapper\" ><div class=\"elementor-heading-wrapper-inner\"><h3 class=\"elementor-heading-title elementor-size-default\">CALENDARIO DE PRODUCCI\u00d3N<\/h3><\/div><\/div>\t\t<\/div>\n\t\t\t\t<\/div>\n\t\t\t\t<div class=\"elementor-element elementor-element-78d8bc87 elementor-widget elementor-widget-spacer\" data-id=\"78d8bc87\" data-element_type=\"widget\" data-widget_type=\"spacer.default\">\n\t\t\t\t<div class=\"elementor-widget-container\">\n\t\t\t        <div class=\"elementor-spacer\">\n            <div class=\"elementor-spacer-inner\"><\/div>\n        <\/div>\n\t\t\t\t<\/div>\n\t\t\t\t<\/div>\n\t\t\t\t<div class=\"elementor-element elementor-element-49635469 elementor-align-center elementor-widget elementor-widget-icon-list\" data-id=\"49635469\" data-element_type=\"widget\" data-widget_type=\"icon-list.default\">\n\t\t\t\t<div class=\"elementor-widget-container\">\n\t\t\t<link rel=\"stylesheet\" href=\"https:\/\/agrupalmeria.com\/wp-content\/plugins\/elementor\/assets\/css\/widget-icon-list.min.css\">        <ul class=\"elementor-icon-list-items elementor-inline-items\">\n                            <li class=\"elementor-icon-list-item\" >\n                                            <span class=\"elementor-icon-list-icon\">\n\t\t\t\t\t\t\t<i class=\"fa fa-square-o\" aria-hidden=\"true\"><\/i>\n\t\t\t\t\t\t<\/span>\n                                        <span class=\"elementor-icon-list-text\">ENE<\/span>\n                                    <\/li>\n                            <li class=\"elementor-icon-list-item\" >\n                                            <span class=\"elementor-icon-list-icon\">\n\t\t\t\t\t\t\t<i class=\"fa fa-square-o\" aria-hidden=\"true\"><\/i>\n\t\t\t\t\t\t<\/span>\n                                        <span class=\"elementor-icon-list-text\">FEB<\/span>\n                                    <\/li>\n                            <li class=\"elementor-icon-list-item\" >\n                                            <span class=\"elementor-icon-list-icon\">\n\t\t\t\t\t\t\t<i class=\"fa fa-square-o\" aria-hidden=\"true\"><\/i>\n\t\t\t\t\t\t<\/span>\n                                        <span class=\"elementor-icon-list-text\">MAR<\/span>\n                                    <\/li>\n                            <li class=\"elementor-icon-list-item\" >\n                                            <span class=\"elementor-icon-list-icon\">\n\t\t\t\t\t\t\t<i class=\"fa fa-square\" aria-hidden=\"true\"><\/i>\n\t\t\t\t\t\t<\/span>\n                                        <span class=\"elementor-icon-list-text\">ABR<\/span>\n                                    <\/li>\n                            <li class=\"elementor-icon-list-item\" >\n                                            <span class=\"elementor-icon-list-icon\">\n\t\t\t\t\t\t\t<i class=\"fa fa-square\" aria-hidden=\"true\"><\/i>\n\t\t\t\t\t\t<\/span>\n                                        <span class=\"elementor-icon-list-text\">MAY<\/span>\n                                    <\/li>\n                            <li class=\"elementor-icon-list-item\" >\n                                            <span class=\"elementor-icon-list-icon\">\n\t\t\t\t\t\t\t<i class=\"fa fa-square\" aria-hidden=\"true\"><\/i>\n\t\t\t\t\t\t<\/span>\n                                        <span class=\"elementor-icon-list-text\">JUN<\/span>\n                                    <\/li>\n                            <li class=\"elementor-icon-list-item\" >\n                                            <span class=\"elementor-icon-list-icon\">\n\t\t\t\t\t\t\t<i class=\"fa fa-square\" aria-hidden=\"true\"><\/i>\n\t\t\t\t\t\t<\/span>\n                                        <span class=\"elementor-icon-list-text\">JUL<\/span>\n                                    <\/li>\n                            <li class=\"elementor-icon-list-item\" >\n                                            <span class=\"elementor-icon-list-icon\">\n\t\t\t\t\t\t\t<i class=\"fa fa-square-o\" aria-hidden=\"true\"><\/i>\n\t\t\t\t\t\t<\/span>\n                                        <span class=\"elementor-icon-list-text\">AGO<\/span>\n                                    <\/li>\n                            <li class=\"elementor-icon-list-item\" >\n                                            <span class=\"elementor-icon-list-icon\">\n\t\t\t\t\t\t\t<i class=\"fa fa-square-o\" aria-hidden=\"true\"><\/i>\n\t\t\t\t\t\t<\/span>\n                                        <span class=\"elementor-icon-list-text\">SEP<\/span>\n                                    <\/li>\n                            <li class=\"elementor-icon-list-item\" >\n                                            <span class=\"elementor-icon-list-icon\">\n\t\t\t\t\t\t\t<i class=\"fa fa-square-o\" aria-hidden=\"true\"><\/i>\n\t\t\t\t\t\t<\/span>\n                                        <span class=\"elementor-icon-list-text\">OCT<\/span>\n                                    <\/li>\n                            <li class=\"elementor-icon-list-item\" >\n                                            <span class=\"elementor-icon-list-icon\">\n\t\t\t\t\t\t\t<i class=\"fa fa-square-o\" aria-hidden=\"true\"><\/i>\n\t\t\t\t\t\t<\/span>\n                                        <span class=\"elementor-icon-list-text\">NOV<\/span>\n                                    <\/li>\n                            <li class=\"elementor-icon-list-item\" >\n                                            <span class=\"elementor-icon-list-icon\">\n\t\t\t\t\t\t\t<i class=\"fa fa-square-o\" aria-hidden=\"true\"><\/i>\n\t\t\t\t\t\t<\/span>\n                                        <span class=\"elementor-icon-list-text\">DIC<\/span>\n                                    <\/li>\n                    <\/ul>\n        \t\t<\/div>\n\t\t\t\t<\/div>\n\t\t\t\t<div class=\"elementor-element elementor-element-2b69b445 elementor-widget elementor-widget-spacer\" data-id=\"2b69b445\" data-element_type=\"widget\" data-widget_type=\"spacer.default\">\n\t\t\t\t<div class=\"elementor-widget-container\">\n\t\t\t        <div class=\"elementor-spacer\">\n            <div class=\"elementor-spacer-inner\"><\/div>\n        <\/div>\n\t\t\t\t<\/div>\n\t\t\t\t<\/div>\n\t\t\t\t\t<\/div>\n\t\t<\/div>\n\t\t\t\t\t<\/div>\n\t\t<\/section>\n\t\t\t\t<\/div>\n\t\t","protected":false},"excerpt":{"rendered":"<p>Mel\u00f3n piel de sapo El mel\u00f3n Piel de Sapo de Agrupalmer\u00eda es una riqu\u00edsima variedad de forma ovalada, de tama\u00f1o medio-grande, de corteza color verde tenue y moteado negro con vetas. La carne de este mel\u00f3n es de excelente calidad, de color blanco puro y textura crujiente. Beneficios para la salud: Es una de las &hellip; <\/p>\n<p class=\"more-link-wrap\"><a href=\"https:\/\/agrupalmeria.com\/en\/melon-piel-sapo\/\" class=\"more-link\">Read More<span class=\"screen-reader-text\"> \u00abMel\u00f3n piel de sapo\u00bb<\/span><\/a><\/p>","protected":false},"author":1,"featured_media":0,"parent":0,"menu_order":0,"comment_status":"closed","ping_status":"closed","template":"","meta":{"inline_featured_image":false,"wprm-recipe-roundup-name":"","wprm-recipe-roundup-description":"","footnotes":""},"class_list":["post-3113","page","type-page","status-publish","hentry"],"yoast_head":"<!-- This site is optimized with the Yoast SEO Premium plugin v18.9 (Yoast SEO v27.2) - https:\/\/yoast.com\/product\/yoast-seo-premium-wordpress\/ -->\n<title>Mel\u00f3n piel de sapo - Agrupalmer\u00eda<\/title>\n<meta name=\"description\" content=\"El mel\u00f3n Piel de Sapo de Agrupalmer\u00eda es una riqu\u00edsima variedad de forma ovalada, de tama\u00f1o medio-grande, de corteza color verde tenue\" \/>\n<meta name=\"robots\" content=\"index, follow, max-snippet:-1, max-image-preview:large, max-video-preview:-1\" \/>\n<link rel=\"canonical\" href=\"https:\/\/agrupalmeria.com\/en\/melon-piel-sapo\/\" \/>\n<meta property=\"og:locale\" content=\"en_GB\" \/>\n<meta property=\"og:type\" content=\"article\" \/>\n<meta property=\"og:title\" content=\"Mel\u00f3n piel de sapo\" \/>\n<meta property=\"og:description\" content=\"El mel\u00f3n Piel de Sapo de Agrupalmer\u00eda es una riqu\u00edsima variedad de forma ovalada, de tama\u00f1o medio-grande, de corteza color verde tenue\" \/>\n<meta property=\"og:url\" content=\"https:\/\/agrupalmeria.com\/en\/melon-piel-sapo\/\" \/>\n<meta property=\"og:site_name\" content=\"Agrupalmer\u00eda\" \/>\n<meta property=\"article:modified_time\" content=\"2023-01-11T09:22:10+00:00\" \/>\n<meta property=\"og:image\" content=\"https:\/\/agrupalmeria.com\/wp-content\/uploads\/2022\/03\/melon-piel-de-sapo-768x768.jpg\" \/>\n<meta name=\"twitter:card\" content=\"summary_large_image\" \/>\n<meta name=\"twitter:label1\" content=\"Estimated reading time\" \/>\n\t<meta name=\"twitter:data1\" content=\"1 minute\" \/>\n<script type=\"application\/ld+json\" class=\"yoast-schema-graph\">{\"@context\":\"https:\/\/schema.org\",\"@graph\":[{\"@type\":\"WebPage\",\"@id\":\"https:\/\/agrupalmeria.com\/melon-piel-sapo\/\",\"url\":\"https:\/\/agrupalmeria.com\/melon-piel-sapo\/\",\"name\":\"Mel\u00f3n piel de sapo - Agrupalmer\u00eda\",\"isPartOf\":{\"@id\":\"https:\/\/agrupalmeria.com\/#website\"},\"primaryImageOfPage\":{\"@id\":\"https:\/\/agrupalmeria.com\/melon-piel-sapo\/#primaryimage\"},\"image\":{\"@id\":\"https:\/\/agrupalmeria.com\/melon-piel-sapo\/#primaryimage\"},\"thumbnailUrl\":\"https:\/\/agrupalmeria.com\/wp-content\/uploads\/2022\/03\/melon-piel-de-sapo-768x768.jpg\",\"datePublished\":\"2022-02-04T13:25:19+00:00\",\"dateModified\":\"2023-01-11T09:22:10+00:00\",\"description\":\"El mel\u00f3n Piel de Sapo de Agrupalmer\u00eda es una riqu\u00edsima variedad de forma ovalada, de tama\u00f1o medio-grande, de corteza color verde tenue\",\"breadcrumb\":{\"@id\":\"https:\/\/agrupalmeria.com\/melon-piel-sapo\/#breadcrumb\"},\"inLanguage\":\"en-GB\",\"potentialAction\":[{\"@type\":\"ReadAction\",\"target\":[\"https:\/\/agrupalmeria.com\/melon-piel-sapo\/\"]}]},{\"@type\":\"ImageObject\",\"inLanguage\":\"en-GB\",\"@id\":\"https:\/\/agrupalmeria.com\/melon-piel-sapo\/#primaryimage\",\"url\":\"https:\/\/agrupalmeria.com\/wp-content\/uploads\/2022\/03\/melon-piel-de-sapo-768x768.jpg\",\"contentUrl\":\"https:\/\/agrupalmeria.com\/wp-content\/uploads\/2022\/03\/melon-piel-de-sapo-768x768.jpg\"},{\"@type\":\"BreadcrumbList\",\"@id\":\"https:\/\/agrupalmeria.com\/melon-piel-sapo\/#breadcrumb\",\"itemListElement\":[{\"@type\":\"ListItem\",\"position\":1,\"name\":\"Portada\",\"item\":\"https:\/\/agrupalmeria.com\/\"},{\"@type\":\"ListItem\",\"position\":2,\"name\":\"Mel\u00f3n piel de sapo\"}]},{\"@type\":\"WebSite\",\"@id\":\"https:\/\/agrupalmeria.com\/#website\",\"url\":\"https:\/\/agrupalmeria.com\/\",\"name\":\"Agrupalmer\u00eda - El mejor tomate de Almer\u00eda\",\"description\":\"Subasta hortofrut\u00edcola con todas las variedades de tomate y el mejor tomate raf de Almer\u00eda\",\"publisher\":{\"@id\":\"https:\/\/agrupalmeria.com\/#organization\"},\"alternateName\":\"Agrupalmer\u00eda\",\"potentialAction\":[{\"@type\":\"SearchAction\",\"target\":{\"@type\":\"EntryPoint\",\"urlTemplate\":\"https:\/\/agrupalmeria.com\/?s={search_term_string}\"},\"query-input\":{\"@type\":\"PropertyValueSpecification\",\"valueRequired\":true,\"valueName\":\"search_term_string\"}}],\"inLanguage\":\"en-GB\"},{\"@type\":\"Organization\",\"@id\":\"https:\/\/agrupalmeria.com\/#organization\",\"name\":\"Agrupalmer\u00eda\",\"url\":\"https:\/\/agrupalmeria.com\/\",\"logo\":{\"@type\":\"ImageObject\",\"inLanguage\":\"en-GB\",\"@id\":\"https:\/\/agrupalmeria.com\/#\/schema\/logo\/image\/\",\"url\":\"https:\/\/agrupalmeria.com\/wp-content\/uploads\/2021\/11\/cropped-logotipo-agrupalmeria-color.png\",\"contentUrl\":\"https:\/\/agrupalmeria.com\/wp-content\/uploads\/2021\/11\/cropped-logotipo-agrupalmeria-color.png\",\"width\":5924,\"height\":1184,\"caption\":\"Agrupalmer\u00eda\"},\"image\":{\"@id\":\"https:\/\/agrupalmeria.com\/#\/schema\/logo\/image\/\"}}]}<\/script>\n<!-- \/ Yoast SEO Premium plugin. -->","yoast_head_json":{"title":"Mel\u00f3n piel de sapo - Agrupalmer\u00eda","description":"El mel\u00f3n Piel de Sapo de Agrupalmer\u00eda es una riqu\u00edsima variedad de forma ovalada, de tama\u00f1o medio-grande, de corteza color verde tenue","robots":{"index":"index","follow":"follow","max-snippet":"max-snippet:-1","max-image-preview":"max-image-preview:large","max-video-preview":"max-video-preview:-1"},"canonical":"https:\/\/agrupalmeria.com\/en\/melon-piel-sapo\/","og_locale":"en_GB","og_type":"article","og_title":"Mel\u00f3n piel de sapo","og_description":"El mel\u00f3n Piel de Sapo de Agrupalmer\u00eda es una riqu\u00edsima variedad de forma ovalada, de tama\u00f1o medio-grande, de corteza color verde tenue","og_url":"https:\/\/agrupalmeria.com\/en\/melon-piel-sapo\/","og_site_name":"Agrupalmer\u00eda","article_modified_time":"2023-01-11T09:22:10+00:00","og_image":[{"url":"https:\/\/agrupalmeria.com\/wp-content\/uploads\/2022\/03\/melon-piel-de-sapo-768x768.jpg","type":"","width":"","height":""}],"twitter_card":"summary_large_image","twitter_misc":{"Estimated reading time":"1 minute"},"schema":{"@context":"https:\/\/schema.org","@graph":[{"@type":"WebPage","@id":"https:\/\/agrupalmeria.com\/melon-piel-sapo\/","url":"https:\/\/agrupalmeria.com\/melon-piel-sapo\/","name":"Mel\u00f3n piel de sapo - Agrupalmer\u00eda","isPartOf":{"@id":"https:\/\/agrupalmeria.com\/#website"},"primaryImageOfPage":{"@id":"https:\/\/agrupalmeria.com\/melon-piel-sapo\/#primaryimage"},"image":{"@id":"https:\/\/agrupalmeria.com\/melon-piel-sapo\/#primaryimage"},"thumbnailUrl":"https:\/\/agrupalmeria.com\/wp-content\/uploads\/2022\/03\/melon-piel-de-sapo-768x768.jpg","datePublished":"2022-02-04T13:25:19+00:00","dateModified":"2023-01-11T09:22:10+00:00","description":"El mel\u00f3n Piel de Sapo de Agrupalmer\u00eda es una riqu\u00edsima variedad de forma ovalada, de tama\u00f1o medio-grande, de corteza color verde tenue","breadcrumb":{"@id":"https:\/\/agrupalmeria.com\/melon-piel-sapo\/#breadcrumb"},"inLanguage":"en-GB","potentialAction":[{"@type":"ReadAction","target":["https:\/\/agrupalmeria.com\/melon-piel-sapo\/"]}]},{"@type":"ImageObject","inLanguage":"en-GB","@id":"https:\/\/agrupalmeria.com\/melon-piel-sapo\/#primaryimage","url":"https:\/\/agrupalmeria.com\/wp-content\/uploads\/2022\/03\/melon-piel-de-sapo-768x768.jpg","contentUrl":"https:\/\/agrupalmeria.com\/wp-content\/uploads\/2022\/03\/melon-piel-de-sapo-768x768.jpg"},{"@type":"BreadcrumbList","@id":"https:\/\/agrupalmeria.com\/melon-piel-sapo\/#breadcrumb","itemListElement":[{"@type":"ListItem","position":1,"name":"Portada","item":"https:\/\/agrupalmeria.com\/"},{"@type":"ListItem","position":2,"name":"Mel\u00f3n piel de sapo"}]},{"@type":"WebSite","@id":"https:\/\/agrupalmeria.com\/#website","url":"https:\/\/agrupalmeria.com\/","name":"Agrupalmer\u00eda - El mejor tomate de Almer\u00eda","description":"Subasta hortofrut\u00edcola con todas las variedades de tomate y el mejor tomate raf de Almer\u00eda","publisher":{"@id":"https:\/\/agrupalmeria.com\/#organization"},"alternateName":"Agrupalmer\u00eda","potentialAction":[{"@type":"SearchAction","target":{"@type":"EntryPoint","urlTemplate":"https:\/\/agrupalmeria.com\/?s={search_term_string}"},"query-input":{"@type":"PropertyValueSpecification","valueRequired":true,"valueName":"search_term_string"}}],"inLanguage":"en-GB"},{"@type":"Organization","@id":"https:\/\/agrupalmeria.com\/#organization","name":"Agrupalmer\u00eda","url":"https:\/\/agrupalmeria.com\/","logo":{"@type":"ImageObject","inLanguage":"en-GB","@id":"https:\/\/agrupalmeria.com\/#\/schema\/logo\/image\/","url":"https:\/\/agrupalmeria.com\/wp-content\/uploads\/2021\/11\/cropped-logotipo-agrupalmeria-color.png","contentUrl":"https:\/\/agrupalmeria.com\/wp-content\/uploads\/2021\/11\/cropped-logotipo-agrupalmeria-color.png","width":5924,"height":1184,"caption":"Agrupalmer\u00eda"},"image":{"@id":"https:\/\/agrupalmeria.com\/#\/schema\/logo\/image\/"}}]}},"_links":{"self":[{"href":"https:\/\/agrupalmeria.com\/en\/wp-json\/wp\/v2\/pages\/3113","targetHints":{"allow":["GET"]}}],"collection":[{"href":"https:\/\/agrupalmeria.com\/en\/wp-json\/wp\/v2\/pages"}],"about":[{"href":"https:\/\/agrupalmeria.com\/en\/wp-json\/wp\/v2\/types\/page"}],"author":[{"embeddable":true,"href":"https:\/\/agrupalmeria.com\/en\/wp-json\/wp\/v2\/users\/1"}],"replies":[{"embeddable":true,"href":"https:\/\/agrupalmeria.com\/en\/wp-json\/wp\/v2\/comments?post=3113"}],"version-history":[{"count":32,"href":"https:\/\/agrupalmeria.com\/en\/wp-json\/wp\/v2\/pages\/3113\/revisions"}],"predecessor-version":[{"id":4339,"href":"https:\/\/agrupalmeria.com\/en\/wp-json\/wp\/v2\/pages\/3113\/revisions\/4339"}],"wp:attachment":[{"href":"https:\/\/agrupalmeria.com\/en\/wp-json\/wp\/v2\/media?parent=3113"}],"curies":[{"name":"wp","href":"https:\/\/api.w.org\/{rel}","templated":true}]}}