{"id":3110,"date":"2022-02-04T13:24:39","date_gmt":"2022-02-04T13:24:39","guid":{"rendered":"https:\/\/agrupalmeria.com\/?page_id=3110"},"modified":"2022-06-03T15:20:24","modified_gmt":"2022-06-03T15:20:24","slug":"melon-amarillo","status":"publish","type":"page","link":"https:\/\/agrupalmeria.com\/en\/melon-amarillo\/","title":{"rendered":"Melon yellow"},"content":{"rendered":"\t\t<div data-elementor-type=\"wp-page\" data-elementor-id=\"3110\" class=\"elementor elementor-3110\">\n\t\t\t\t\t\t<section class=\"elementor-section elementor-top-section elementor-element elementor-element-7a63bb98 elementor-section-boxed elementor-section-height-default elementor-section-height-default\" data-id=\"7a63bb98\" data-element_type=\"section\">\n\t\t\t\t\t\t<div class=\"elementor-container elementor-column-gap-default\">\n\t\t\t\t\t<div class=\"elementor-column elementor-col-100 elementor-top-column elementor-element elementor-element-7961317d\" data-id=\"7961317d\" data-element_type=\"column\">\n\t\t\t<div class=\"elementor-widget-wrap elementor-element-populated\">\n\t\t\t\t\t\t<div class=\"elementor-element elementor-element-62905cec elementor-widget elementor-widget-spacer\" data-id=\"62905cec\" data-element_type=\"widget\" data-widget_type=\"spacer.default\">\n\t\t\t\t<div class=\"elementor-widget-container\">\n\t\t\t<style>\/*! elementor - v3.21.0 - 26-05-2024 *\/\n.elementor-column .elementor-spacer-inner{height:var(--spacer-size)}.e-con{--container-widget-width:100%}.e-con-inner>.elementor-widget-spacer,.e-con>.elementor-widget-spacer{width:var(--container-widget-width,var(--spacer-size));--align-self:var(--container-widget-align-self,initial);--flex-shrink:0}.e-con-inner>.elementor-widget-spacer>.elementor-widget-container,.e-con>.elementor-widget-spacer>.elementor-widget-container{height:100%;width:100%}.e-con-inner>.elementor-widget-spacer>.elementor-widget-container>.elementor-spacer,.e-con>.elementor-widget-spacer>.elementor-widget-container>.elementor-spacer{height:100%}.e-con-inner>.elementor-widget-spacer>.elementor-widget-container>.elementor-spacer>.elementor-spacer-inner,.e-con>.elementor-widget-spacer>.elementor-widget-container>.elementor-spacer>.elementor-spacer-inner{height:var(--container-widget-height,var(--spacer-size))}.e-con-inner>.elementor-widget-spacer.elementor-widget-empty,.e-con>.elementor-widget-spacer.elementor-widget-empty{position:relative;min-height:22px;min-width:22px}.e-con-inner>.elementor-widget-spacer.elementor-widget-empty .elementor-widget-empty-icon,.e-con>.elementor-widget-spacer.elementor-widget-empty .elementor-widget-empty-icon{position:absolute;top:0;bottom:0;left:0;right:0;margin:auto;padding:0;width:22px;height:22px}<\/style>        <div class=\"elementor-spacer\">\n            <div class=\"elementor-spacer-inner\"><\/div>\n        <\/div>\n\t\t\t\t<\/div>\n\t\t\t\t<\/div>\n\t\t\t\t\t<\/div>\n\t\t<\/div>\n\t\t\t\t\t<\/div>\n\t\t<\/section>\n\t\t\t\t<section class=\"elementor-section elementor-top-section elementor-element elementor-element-1059079e elementor-section-boxed elementor-section-height-default elementor-section-height-default\" data-id=\"1059079e\" data-element_type=\"section\">\n\t\t\t\t\t\t<div class=\"elementor-container elementor-column-gap-default\">\n\t\t\t\t\t<div class=\"elementor-column elementor-col-50 elementor-top-column elementor-element elementor-element-26cf0c51\" data-id=\"26cf0c51\" data-element_type=\"column\">\n\t\t\t<div class=\"elementor-widget-wrap elementor-element-populated\">\n\t\t\t\t\t\t<div class=\"elementor-element elementor-element-53ef7b8c elementor-widget elementor-widget-image\" data-id=\"53ef7b8c\" data-element_type=\"widget\" data-widget_type=\"image.default\">\n\t\t\t\t<div class=\"elementor-widget-container\">\n\t\t\t<style>\/*! elementor - v3.21.0 - 26-05-2024 *\/\n.elementor-widget-image{text-align:center}.elementor-widget-image a{display:inline-block}.elementor-widget-image a img[src$=\".svg\"]{width:48px}.elementor-widget-image img{vertical-align:middle;display:inline-block}<\/style>\t\t\t\t\t\t\t\t\t\t<img fetchpriority=\"high\" decoding=\"async\" width=\"600\" height=\"600\" src=\"https:\/\/agrupalmeria.com\/wp-content\/uploads\/2022\/03\/melon-amarillo-768x768.jpg\" class=\"attachment-medium_large size-medium_large wp-image-3399\" alt=\"melon amarillo agrupalmeria\" srcset=\"https:\/\/agrupalmeria.com\/wp-content\/uploads\/2022\/03\/melon-amarillo-768x768.jpg 768w, https:\/\/agrupalmeria.com\/wp-content\/uploads\/2022\/03\/melon-amarillo-300x300.jpg 300w, https:\/\/agrupalmeria.com\/wp-content\/uploads\/2022\/03\/melon-amarillo-1024x1024.jpg 1024w, https:\/\/agrupalmeria.com\/wp-content\/uploads\/2022\/03\/melon-amarillo-150x150.jpg 150w, https:\/\/agrupalmeria.com\/wp-content\/uploads\/2022\/03\/melon-amarillo-700x700.jpg 700w, https:\/\/agrupalmeria.com\/wp-content\/uploads\/2022\/03\/melon-amarillo-600x600.jpg 600w, https:\/\/agrupalmeria.com\/wp-content\/uploads\/2022\/03\/melon-amarillo-100x100.jpg 100w, https:\/\/agrupalmeria.com\/wp-content\/uploads\/2022\/03\/melon-amarillo.jpg 1080w\" sizes=\"(max-width: 600px) 100vw, 600px\" \/>\t\t\t\t\t\t\t\t\t\t\t\t\t<\/div>\n\t\t\t\t<\/div>\n\t\t\t\t\t<\/div>\n\t\t<\/div>\n\t\t\t\t<div class=\"elementor-column elementor-col-50 elementor-top-column elementor-element elementor-element-55cb8950\" data-id=\"55cb8950\" data-element_type=\"column\">\n\t\t\t<div class=\"elementor-widget-wrap elementor-element-populated\">\n\t\t\t\t\t\t<div class=\"elementor-element elementor-element-1463820e elementor-widget elementor-widget-heading\" data-id=\"1463820e\" data-element_type=\"widget\" data-widget_type=\"heading.default\">\n\t\t\t\t<div class=\"elementor-widget-container\">\n\t\t\t<style>\/*! elementor - v3.21.0 - 26-05-2024 *\/\n.elementor-heading-title{padding:0;margin:0;line-height:1}.elementor-widget-heading .elementor-heading-title[class*=elementor-size-]>a{color:inherit;font-size:inherit;line-height:inherit}.elementor-widget-heading .elementor-heading-title.elementor-size-small{font-size:15px}.elementor-widget-heading .elementor-heading-title.elementor-size-medium{font-size:19px}.elementor-widget-heading .elementor-heading-title.elementor-size-large{font-size:29px}.elementor-widget-heading .elementor-heading-title.elementor-size-xl{font-size:39px}.elementor-widget-heading .elementor-heading-title.elementor-size-xxl{font-size:59px}<\/style><div class=\"elementor-heading-wrapper\" ><div class=\"elementor-heading-wrapper-inner\"><h1 class=\"elementor-heading-title elementor-size-default\">Mel\u00f3n amarillo<\/h1><\/div><\/div>\t\t<\/div>\n\t\t\t\t<\/div>\n\t\t\t\t<div class=\"elementor-element elementor-element-198ffe31 elementor-widget elementor-widget-spacer\" data-id=\"198ffe31\" data-element_type=\"widget\" data-widget_type=\"spacer.default\">\n\t\t\t\t<div class=\"elementor-widget-container\">\n\t\t\t        <div class=\"elementor-spacer\">\n            <div class=\"elementor-spacer-inner\"><\/div>\n        <\/div>\n\t\t\t\t<\/div>\n\t\t\t\t<\/div>\n\t\t\t\t<div class=\"elementor-element elementor-element-6c099624 elementor-widget elementor-widget-text-editor\" data-id=\"6c099624\" data-element_type=\"widget\" data-widget_type=\"text-editor.default\">\n\t\t\t\t<div class=\"elementor-widget-container\">\n\t\t\t<style>\/*! elementor - v3.21.0 - 26-05-2024 *\/\n.elementor-widget-text-editor.elementor-drop-cap-view-stacked .elementor-drop-cap{background-color:#69727d;color:#fff}.elementor-widget-text-editor.elementor-drop-cap-view-framed .elementor-drop-cap{color:#69727d;border:3px solid;background-color:transparent}.elementor-widget-text-editor:not(.elementor-drop-cap-view-default) .elementor-drop-cap{margin-top:8px}.elementor-widget-text-editor:not(.elementor-drop-cap-view-default) .elementor-drop-cap-letter{width:1em;height:1em}.elementor-widget-text-editor .elementor-drop-cap{float:left;text-align:center;line-height:1;font-size:50px}.elementor-widget-text-editor .elementor-drop-cap-letter{display:inline-block}<\/style>        <div class=\"elementor-text-editor elementor-clearfix\"><p>Uno de los melones m\u00e1s comunes en <strong>la subasta<\/strong> es <strong>el mel\u00f3n amarillo<\/strong>. Su sabor es de los m\u00e1s dulces del mercado. El cultivo de mel\u00f3n amarillo depende mucho de los factores clim\u00e1ticos.<\/p><p><strong>El mel\u00f3n necesita temperaturas altas<\/strong>, climas c\u00e1lidos y no necesariamente h\u00famedos. De hecho, con humedad y con poca luz altera la producci\u00f3n, el cuaje y por consiguiente la calidad de los frutos. Se necesitan temperaturas veraniegas donde durante el d\u00eda lleguen a los 27\u00ba C y por la noche no bajen de 10\u00ba C.<\/p><p><strong>Beneficios para la salud<\/strong>:<\/p><ul><li>El mel\u00f3n amarillo de Agrupalmer\u00eda est\u00e1 lleno de vitaminas, por lo que es muy beneficioso para nuestro organismo. Destacan la vitamina A, uno de los mejores antioxidantes, tambi\u00e9n la vitamina C; perfecto creador de col\u00e1geno que nos ayudar\u00e1 a mejorar la cicatrizaci\u00f3n y a absorber el hierro de otros alimentos.<\/li><li>El mel\u00f3n amarillo nos ayuda a que nuestro cuerpo trabaje de manera eficiente gracias a las vitaminas presentes del grupo B, como la B3 que baja los niveles de colesterol de nuestro organismo.<\/li><li>Por su alto contenido en agua, el mel\u00f3n es una fruta ideal para rehidratarse en los meses de verano.<\/li><li>Su poco contenido en calor\u00edas lo hace perfecto para dietas de adelgazamiento.<\/li><li>Tiene poco contenido en fibra, lo que lo hace ligero para la digesti\u00f3n.<\/li><\/ul><\/div>\n        \t\t<\/div>\n\t\t\t\t<\/div>\n\t\t\t\t\t<\/div>\n\t\t<\/div>\n\t\t\t\t\t<\/div>\n\t\t<\/section>\n\t\t\t\t<section class=\"elementor-section elementor-top-section elementor-element elementor-element-1478a089 elementor-section-full_width elementor-section-stretched elementor-section-height-default elementor-section-height-default\" data-id=\"1478a089\" data-element_type=\"section\" data-settings=\"{&quot;stretch_section&quot;:&quot;section-stretched&quot;,&quot;background_background&quot;:&quot;classic&quot;}\">\n\t\t\t\t\t\t<div class=\"elementor-container elementor-column-gap-default\">\n\t\t\t\t\t<div class=\"elementor-column elementor-col-100 elementor-top-column elementor-element elementor-element-719372c5\" data-id=\"719372c5\" data-element_type=\"column\">\n\t\t\t<div class=\"elementor-widget-wrap elementor-element-populated\">\n\t\t\t\t\t\t<div class=\"elementor-element elementor-element-45d9a501 elementor-widget elementor-widget-spacer\" data-id=\"45d9a501\" data-element_type=\"widget\" data-widget_type=\"spacer.default\">\n\t\t\t\t<div class=\"elementor-widget-container\">\n\t\t\t        <div class=\"elementor-spacer\">\n            <div class=\"elementor-spacer-inner\"><\/div>\n        <\/div>\n\t\t\t\t<\/div>\n\t\t\t\t<\/div>\n\t\t\t\t<div class=\"elementor-element elementor-element-5aee39fe elementor-widget elementor-widget-heading\" data-id=\"5aee39fe\" data-element_type=\"widget\" data-widget_type=\"heading.default\">\n\t\t\t\t<div class=\"elementor-widget-container\">\n\t\t\t<div class=\"elementor-heading-wrapper\" ><div class=\"elementor-heading-wrapper-inner\"><h2 class=\"elementor-heading-title elementor-size-default\">CALENDARIO DE PRODUCCI\u00d3N<\/h2><\/div><\/div>\t\t<\/div>\n\t\t\t\t<\/div>\n\t\t\t\t<div class=\"elementor-element elementor-element-6eccccc1 elementor-widget elementor-widget-spacer\" data-id=\"6eccccc1\" data-element_type=\"widget\" data-widget_type=\"spacer.default\">\n\t\t\t\t<div class=\"elementor-widget-container\">\n\t\t\t        <div class=\"elementor-spacer\">\n            <div class=\"elementor-spacer-inner\"><\/div>\n        <\/div>\n\t\t\t\t<\/div>\n\t\t\t\t<\/div>\n\t\t\t\t<div class=\"elementor-element elementor-element-60d8c040 elementor-align-center elementor-widget elementor-widget-icon-list\" data-id=\"60d8c040\" data-element_type=\"widget\" data-widget_type=\"icon-list.default\">\n\t\t\t\t<div class=\"elementor-widget-container\">\n\t\t\t<link rel=\"stylesheet\" href=\"https:\/\/agrupalmeria.com\/wp-content\/plugins\/elementor\/assets\/css\/widget-icon-list.min.css\">        <ul class=\"elementor-icon-list-items elementor-inline-items\">\n                            <li class=\"elementor-icon-list-item\" >\n                                            <span class=\"elementor-icon-list-icon\">\n\t\t\t\t\t\t\t<i class=\"fa fa-square-o\" aria-hidden=\"true\"><\/i>\n\t\t\t\t\t\t<\/span>\n                                        <span class=\"elementor-icon-list-text\">ENE<\/span>\n                                    <\/li>\n                            <li class=\"elementor-icon-list-item\" >\n                                            <span class=\"elementor-icon-list-icon\">\n\t\t\t\t\t\t\t<i class=\"fa fa-square-o\" aria-hidden=\"true\"><\/i>\n\t\t\t\t\t\t<\/span>\n                                        <span class=\"elementor-icon-list-text\">FEB<\/span>\n                                    <\/li>\n                            <li class=\"elementor-icon-list-item\" >\n                                            <span class=\"elementor-icon-list-icon\">\n\t\t\t\t\t\t\t<i class=\"fa fa-square-o\" aria-hidden=\"true\"><\/i>\n\t\t\t\t\t\t<\/span>\n                                        <span class=\"elementor-icon-list-text\">MAR<\/span>\n                                    <\/li>\n                            <li class=\"elementor-icon-list-item\" >\n                                            <span class=\"elementor-icon-list-icon\">\n\t\t\t\t\t\t\t<i class=\"fa fa-square\" aria-hidden=\"true\"><\/i>\n\t\t\t\t\t\t<\/span>\n                                        <span class=\"elementor-icon-list-text\">ABR<\/span>\n                                    <\/li>\n                            <li class=\"elementor-icon-list-item\" >\n                                            <span class=\"elementor-icon-list-icon\">\n\t\t\t\t\t\t\t<i class=\"fa fa-square\" aria-hidden=\"true\"><\/i>\n\t\t\t\t\t\t<\/span>\n                                        <span class=\"elementor-icon-list-text\">MAY<\/span>\n                                    <\/li>\n                            <li class=\"elementor-icon-list-item\" >\n                    <a href=\"nvgh\">                        <span class=\"elementor-icon-list-icon\">\n\t\t\t\t\t\t\t<i class=\"fa fa-square\" aria-hidden=\"true\"><\/i>\n\t\t\t\t\t\t<\/span>\n                                        <span class=\"elementor-icon-list-text\">JUN<\/span>\n                                            <\/a>\n                                    <\/li>\n                            <li class=\"elementor-icon-list-item\" >\n                                            <span class=\"elementor-icon-list-icon\">\n\t\t\t\t\t\t\t<i class=\"fa fa-square\" aria-hidden=\"true\"><\/i>\n\t\t\t\t\t\t<\/span>\n                                        <span class=\"elementor-icon-list-text\">JUL<\/span>\n                                    <\/li>\n                            <li class=\"elementor-icon-list-item\" >\n                                            <span class=\"elementor-icon-list-icon\">\n\t\t\t\t\t\t\t<i class=\"fa fa-square-o\" aria-hidden=\"true\"><\/i>\n\t\t\t\t\t\t<\/span>\n                                        <span class=\"elementor-icon-list-text\">AGO<\/span>\n                                    <\/li>\n                            <li class=\"elementor-icon-list-item\" >\n                                            <span class=\"elementor-icon-list-icon\">\n\t\t\t\t\t\t\t<i class=\"fa fa-square-o\" aria-hidden=\"true\"><\/i>\n\t\t\t\t\t\t<\/span>\n                                        <span class=\"elementor-icon-list-text\">SEP<\/span>\n                                    <\/li>\n                            <li class=\"elementor-icon-list-item\" >\n                                            <span class=\"elementor-icon-list-icon\">\n\t\t\t\t\t\t\t<i class=\"fa fa-square-o\" aria-hidden=\"true\"><\/i>\n\t\t\t\t\t\t<\/span>\n                                        <span class=\"elementor-icon-list-text\">OCT<\/span>\n                                    <\/li>\n                            <li class=\"elementor-icon-list-item\" >\n                                            <span class=\"elementor-icon-list-icon\">\n\t\t\t\t\t\t\t<i class=\"fa fa-square-o\" aria-hidden=\"true\"><\/i>\n\t\t\t\t\t\t<\/span>\n                                        <span class=\"elementor-icon-list-text\">NOV<\/span>\n                                    <\/li>\n                            <li class=\"elementor-icon-list-item\" >\n                                            <span class=\"elementor-icon-list-icon\">\n\t\t\t\t\t\t\t<i class=\"fa fa-square-o\" aria-hidden=\"true\"><\/i>\n\t\t\t\t\t\t<\/span>\n                                        <span class=\"elementor-icon-list-text\">DIC<\/span>\n                                    <\/li>\n                    <\/ul>\n        \t\t<\/div>\n\t\t\t\t<\/div>\n\t\t\t\t<div class=\"elementor-element elementor-element-459781e0 elementor-widget elementor-widget-spacer\" data-id=\"459781e0\" data-element_type=\"widget\" data-widget_type=\"spacer.default\">\n\t\t\t\t<div class=\"elementor-widget-container\">\n\t\t\t        <div class=\"elementor-spacer\">\n            <div class=\"elementor-spacer-inner\"><\/div>\n        <\/div>\n\t\t\t\t<\/div>\n\t\t\t\t<\/div>\n\t\t\t\t\t<\/div>\n\t\t<\/div>\n\t\t\t\t\t<\/div>\n\t\t<\/section>\n\t\t\t\t<\/div>\n\t\t","protected":false},"excerpt":{"rendered":"<p>Mel\u00f3n amarillo Uno de los melones m\u00e1s comunes en la subasta es el mel\u00f3n amarillo. Su sabor es de los m\u00e1s dulces del mercado. El cultivo de mel\u00f3n amarillo depende mucho de los factores clim\u00e1ticos. El mel\u00f3n necesita temperaturas altas, climas c\u00e1lidos y no necesariamente h\u00famedos. De hecho, con humedad y con poca luz altera &hellip; <\/p>\n<p class=\"more-link-wrap\"><a href=\"https:\/\/agrupalmeria.com\/en\/melon-amarillo\/\" class=\"more-link\">Read More<span class=\"screen-reader-text\"> \u00abMel\u00f3n amarillo\u00bb<\/span><\/a><\/p>","protected":false},"author":1,"featured_media":0,"parent":0,"menu_order":0,"comment_status":"closed","ping_status":"closed","template":"","meta":{"inline_featured_image":false,"wprm-recipe-roundup-name":"","wprm-recipe-roundup-description":"","footnotes":""},"class_list":["post-3110","page","type-page","status-publish","hentry"],"yoast_head":"<!-- This site is optimized with the Yoast SEO Premium plugin v18.9 (Yoast SEO v27.2) - https:\/\/yoast.com\/product\/yoast-seo-premium-wordpress\/ -->\n<title>Mel\u00f3n amarillo - Agrupalmer\u00eda<\/title>\n<meta name=\"robots\" content=\"index, follow, max-snippet:-1, max-image-preview:large, max-video-preview:-1\" \/>\n<link rel=\"canonical\" href=\"https:\/\/agrupalmeria.com\/en\/melon-amarillo\/\" \/>\n<meta property=\"og:locale\" content=\"en_GB\" \/>\n<meta property=\"og:type\" content=\"article\" \/>\n<meta property=\"og:title\" content=\"Mel\u00f3n amarillo\" \/>\n<meta property=\"og:description\" content=\"Mel\u00f3n amarillo Uno de los melones m\u00e1s comunes en la subasta es el mel\u00f3n amarillo. Su sabor es de los m\u00e1s dulces del mercado. El cultivo de mel\u00f3n amarillo depende mucho de los factores clim\u00e1ticos. El mel\u00f3n necesita temperaturas altas, climas c\u00e1lidos y no necesariamente h\u00famedos. De hecho, con humedad y con poca luz altera &hellip; Read More &quot;Mel\u00f3n amarillo&quot;\" \/>\n<meta property=\"og:url\" content=\"https:\/\/agrupalmeria.com\/en\/melon-amarillo\/\" \/>\n<meta property=\"og:site_name\" content=\"Agrupalmer\u00eda\" \/>\n<meta property=\"article:modified_time\" content=\"2022-06-03T15:20:24+00:00\" \/>\n<meta property=\"og:image\" content=\"https:\/\/agrupalmeria.com\/wp-content\/uploads\/2022\/03\/melon-amarillo-768x768.jpg\" \/>\n<meta name=\"twitter:card\" content=\"summary_large_image\" \/>\n<meta name=\"twitter:label1\" content=\"Estimated reading time\" \/>\n\t<meta name=\"twitter:data1\" content=\"2 minutes\" \/>\n<script type=\"application\/ld+json\" class=\"yoast-schema-graph\">{\"@context\":\"https:\/\/schema.org\",\"@graph\":[{\"@type\":\"WebPage\",\"@id\":\"https:\/\/agrupalmeria.com\/melon-amarillo\/\",\"url\":\"https:\/\/agrupalmeria.com\/melon-amarillo\/\",\"name\":\"Mel\u00f3n amarillo - Agrupalmer\u00eda\",\"isPartOf\":{\"@id\":\"https:\/\/agrupalmeria.com\/#website\"},\"primaryImageOfPage\":{\"@id\":\"https:\/\/agrupalmeria.com\/melon-amarillo\/#primaryimage\"},\"image\":{\"@id\":\"https:\/\/agrupalmeria.com\/melon-amarillo\/#primaryimage\"},\"thumbnailUrl\":\"https:\/\/agrupalmeria.com\/wp-content\/uploads\/2022\/03\/melon-amarillo-768x768.jpg\",\"datePublished\":\"2022-02-04T13:24:39+00:00\",\"dateModified\":\"2022-06-03T15:20:24+00:00\",\"breadcrumb\":{\"@id\":\"https:\/\/agrupalmeria.com\/melon-amarillo\/#breadcrumb\"},\"inLanguage\":\"en-GB\",\"potentialAction\":[{\"@type\":\"ReadAction\",\"target\":[\"https:\/\/agrupalmeria.com\/melon-amarillo\/\"]}]},{\"@type\":\"ImageObject\",\"inLanguage\":\"en-GB\",\"@id\":\"https:\/\/agrupalmeria.com\/melon-amarillo\/#primaryimage\",\"url\":\"https:\/\/agrupalmeria.com\/wp-content\/uploads\/2022\/03\/melon-amarillo-768x768.jpg\",\"contentUrl\":\"https:\/\/agrupalmeria.com\/wp-content\/uploads\/2022\/03\/melon-amarillo-768x768.jpg\"},{\"@type\":\"BreadcrumbList\",\"@id\":\"https:\/\/agrupalmeria.com\/melon-amarillo\/#breadcrumb\",\"itemListElement\":[{\"@type\":\"ListItem\",\"position\":1,\"name\":\"Portada\",\"item\":\"https:\/\/agrupalmeria.com\/\"},{\"@type\":\"ListItem\",\"position\":2,\"name\":\"Mel\u00f3n amarillo\"}]},{\"@type\":\"WebSite\",\"@id\":\"https:\/\/agrupalmeria.com\/#website\",\"url\":\"https:\/\/agrupalmeria.com\/\",\"name\":\"Agrupalmer\u00eda - El mejor tomate de Almer\u00eda\",\"description\":\"Subasta hortofrut\u00edcola con todas las variedades de tomate y el mejor tomate raf de Almer\u00eda\",\"publisher\":{\"@id\":\"https:\/\/agrupalmeria.com\/#organization\"},\"alternateName\":\"Agrupalmer\u00eda\",\"potentialAction\":[{\"@type\":\"SearchAction\",\"target\":{\"@type\":\"EntryPoint\",\"urlTemplate\":\"https:\/\/agrupalmeria.com\/?s={search_term_string}\"},\"query-input\":{\"@type\":\"PropertyValueSpecification\",\"valueRequired\":true,\"valueName\":\"search_term_string\"}}],\"inLanguage\":\"en-GB\"},{\"@type\":\"Organization\",\"@id\":\"https:\/\/agrupalmeria.com\/#organization\",\"name\":\"Agrupalmer\u00eda\",\"url\":\"https:\/\/agrupalmeria.com\/\",\"logo\":{\"@type\":\"ImageObject\",\"inLanguage\":\"en-GB\",\"@id\":\"https:\/\/agrupalmeria.com\/#\/schema\/logo\/image\/\",\"url\":\"https:\/\/agrupalmeria.com\/wp-content\/uploads\/2021\/11\/cropped-logotipo-agrupalmeria-color.png\",\"contentUrl\":\"https:\/\/agrupalmeria.com\/wp-content\/uploads\/2021\/11\/cropped-logotipo-agrupalmeria-color.png\",\"width\":5924,\"height\":1184,\"caption\":\"Agrupalmer\u00eda\"},\"image\":{\"@id\":\"https:\/\/agrupalmeria.com\/#\/schema\/logo\/image\/\"}}]}<\/script>\n<!-- \/ Yoast SEO Premium plugin. -->","yoast_head_json":{"title":"Mel\u00f3n amarillo - Agrupalmer\u00eda","robots":{"index":"index","follow":"follow","max-snippet":"max-snippet:-1","max-image-preview":"max-image-preview:large","max-video-preview":"max-video-preview:-1"},"canonical":"https:\/\/agrupalmeria.com\/en\/melon-amarillo\/","og_locale":"en_GB","og_type":"article","og_title":"Mel\u00f3n amarillo","og_description":"Mel\u00f3n amarillo Uno de los melones m\u00e1s comunes en la subasta es el mel\u00f3n amarillo. Su sabor es de los m\u00e1s dulces del mercado. El cultivo de mel\u00f3n amarillo depende mucho de los factores clim\u00e1ticos. El mel\u00f3n necesita temperaturas altas, climas c\u00e1lidos y no necesariamente h\u00famedos. De hecho, con humedad y con poca luz altera &hellip; Read More \"Mel\u00f3n amarillo\"","og_url":"https:\/\/agrupalmeria.com\/en\/melon-amarillo\/","og_site_name":"Agrupalmer\u00eda","article_modified_time":"2022-06-03T15:20:24+00:00","og_image":[{"url":"https:\/\/agrupalmeria.com\/wp-content\/uploads\/2022\/03\/melon-amarillo-768x768.jpg","type":"","width":"","height":""}],"twitter_card":"summary_large_image","twitter_misc":{"Estimated reading time":"2 minutes"},"schema":{"@context":"https:\/\/schema.org","@graph":[{"@type":"WebPage","@id":"https:\/\/agrupalmeria.com\/melon-amarillo\/","url":"https:\/\/agrupalmeria.com\/melon-amarillo\/","name":"Mel\u00f3n amarillo - Agrupalmer\u00eda","isPartOf":{"@id":"https:\/\/agrupalmeria.com\/#website"},"primaryImageOfPage":{"@id":"https:\/\/agrupalmeria.com\/melon-amarillo\/#primaryimage"},"image":{"@id":"https:\/\/agrupalmeria.com\/melon-amarillo\/#primaryimage"},"thumbnailUrl":"https:\/\/agrupalmeria.com\/wp-content\/uploads\/2022\/03\/melon-amarillo-768x768.jpg","datePublished":"2022-02-04T13:24:39+00:00","dateModified":"2022-06-03T15:20:24+00:00","breadcrumb":{"@id":"https:\/\/agrupalmeria.com\/melon-amarillo\/#breadcrumb"},"inLanguage":"en-GB","potentialAction":[{"@type":"ReadAction","target":["https:\/\/agrupalmeria.com\/melon-amarillo\/"]}]},{"@type":"ImageObject","inLanguage":"en-GB","@id":"https:\/\/agrupalmeria.com\/melon-amarillo\/#primaryimage","url":"https:\/\/agrupalmeria.com\/wp-content\/uploads\/2022\/03\/melon-amarillo-768x768.jpg","contentUrl":"https:\/\/agrupalmeria.com\/wp-content\/uploads\/2022\/03\/melon-amarillo-768x768.jpg"},{"@type":"BreadcrumbList","@id":"https:\/\/agrupalmeria.com\/melon-amarillo\/#breadcrumb","itemListElement":[{"@type":"ListItem","position":1,"name":"Portada","item":"https:\/\/agrupalmeria.com\/"},{"@type":"ListItem","position":2,"name":"Mel\u00f3n amarillo"}]},{"@type":"WebSite","@id":"https:\/\/agrupalmeria.com\/#website","url":"https:\/\/agrupalmeria.com\/","name":"Agrupalmer\u00eda - El mejor tomate de Almer\u00eda","description":"Subasta hortofrut\u00edcola con todas las variedades de tomate y el mejor tomate raf de Almer\u00eda","publisher":{"@id":"https:\/\/agrupalmeria.com\/#organization"},"alternateName":"Agrupalmer\u00eda","potentialAction":[{"@type":"SearchAction","target":{"@type":"EntryPoint","urlTemplate":"https:\/\/agrupalmeria.com\/?s={search_term_string}"},"query-input":{"@type":"PropertyValueSpecification","valueRequired":true,"valueName":"search_term_string"}}],"inLanguage":"en-GB"},{"@type":"Organization","@id":"https:\/\/agrupalmeria.com\/#organization","name":"Agrupalmer\u00eda","url":"https:\/\/agrupalmeria.com\/","logo":{"@type":"ImageObject","inLanguage":"en-GB","@id":"https:\/\/agrupalmeria.com\/#\/schema\/logo\/image\/","url":"https:\/\/agrupalmeria.com\/wp-content\/uploads\/2021\/11\/cropped-logotipo-agrupalmeria-color.png","contentUrl":"https:\/\/agrupalmeria.com\/wp-content\/uploads\/2021\/11\/cropped-logotipo-agrupalmeria-color.png","width":5924,"height":1184,"caption":"Agrupalmer\u00eda"},"image":{"@id":"https:\/\/agrupalmeria.com\/#\/schema\/logo\/image\/"}}]}},"_links":{"self":[{"href":"https:\/\/agrupalmeria.com\/en\/wp-json\/wp\/v2\/pages\/3110","targetHints":{"allow":["GET"]}}],"collection":[{"href":"https:\/\/agrupalmeria.com\/en\/wp-json\/wp\/v2\/pages"}],"about":[{"href":"https:\/\/agrupalmeria.com\/en\/wp-json\/wp\/v2\/types\/page"}],"author":[{"embeddable":true,"href":"https:\/\/agrupalmeria.com\/en\/wp-json\/wp\/v2\/users\/1"}],"replies":[{"embeddable":true,"href":"https:\/\/agrupalmeria.com\/en\/wp-json\/wp\/v2\/comments?post=3110"}],"version-history":[{"count":25,"href":"https:\/\/agrupalmeria.com\/en\/wp-json\/wp\/v2\/pages\/3110\/revisions"}],"predecessor-version":[{"id":4080,"href":"https:\/\/agrupalmeria.com\/en\/wp-json\/wp\/v2\/pages\/3110\/revisions\/4080"}],"wp:attachment":[{"href":"https:\/\/agrupalmeria.com\/en\/wp-json\/wp\/v2\/media?parent=3110"}],"curies":[{"name":"wp","href":"https:\/\/api.w.org\/{rel}","templated":true}]}}