{"id":2980,"date":"2022-02-04T12:17:46","date_gmt":"2022-02-04T12:17:46","guid":{"rendered":"https:\/\/agrupalmeria.com\/?page_id=2980"},"modified":"2025-02-12T14:45:03","modified_gmt":"2025-02-12T14:45:03","slug":"tomate-rama","status":"publish","type":"page","link":"https:\/\/agrupalmeria.com\/en\/tomate-rama\/","title":{"rendered":"Tomato Branch"},"content":{"rendered":"\t\t<div data-elementor-type=\"wp-page\" data-elementor-id=\"2980\" class=\"elementor elementor-2980\">\n\t\t\t\t\t\t<section class=\"elementor-section elementor-top-section elementor-element elementor-element-2b61b099 elementor-section-boxed elementor-section-height-default elementor-section-height-default\" data-id=\"2b61b099\" data-element_type=\"section\">\n\t\t\t\t\t\t<div class=\"elementor-container elementor-column-gap-default\">\n\t\t\t\t\t<div class=\"elementor-column elementor-col-100 elementor-top-column elementor-element elementor-element-5ec4e471\" data-id=\"5ec4e471\" data-element_type=\"column\">\n\t\t\t<div class=\"elementor-widget-wrap elementor-element-populated\">\n\t\t\t\t\t\t<div class=\"elementor-element elementor-element-26f01ea6 elementor-widget elementor-widget-spacer\" data-id=\"26f01ea6\" data-element_type=\"widget\" data-widget_type=\"spacer.default\">\n\t\t\t\t<div class=\"elementor-widget-container\">\n\t\t\t<style>\/*! elementor - v3.21.0 - 26-05-2024 *\/\n.elementor-column .elementor-spacer-inner{height:var(--spacer-size)}.e-con{--container-widget-width:100%}.e-con-inner>.elementor-widget-spacer,.e-con>.elementor-widget-spacer{width:var(--container-widget-width,var(--spacer-size));--align-self:var(--container-widget-align-self,initial);--flex-shrink:0}.e-con-inner>.elementor-widget-spacer>.elementor-widget-container,.e-con>.elementor-widget-spacer>.elementor-widget-container{height:100%;width:100%}.e-con-inner>.elementor-widget-spacer>.elementor-widget-container>.elementor-spacer,.e-con>.elementor-widget-spacer>.elementor-widget-container>.elementor-spacer{height:100%}.e-con-inner>.elementor-widget-spacer>.elementor-widget-container>.elementor-spacer>.elementor-spacer-inner,.e-con>.elementor-widget-spacer>.elementor-widget-container>.elementor-spacer>.elementor-spacer-inner{height:var(--container-widget-height,var(--spacer-size))}.e-con-inner>.elementor-widget-spacer.elementor-widget-empty,.e-con>.elementor-widget-spacer.elementor-widget-empty{position:relative;min-height:22px;min-width:22px}.e-con-inner>.elementor-widget-spacer.elementor-widget-empty .elementor-widget-empty-icon,.e-con>.elementor-widget-spacer.elementor-widget-empty .elementor-widget-empty-icon{position:absolute;top:0;bottom:0;left:0;right:0;margin:auto;padding:0;width:22px;height:22px}<\/style>        <div class=\"elementor-spacer\">\n            <div class=\"elementor-spacer-inner\"><\/div>\n        <\/div>\n\t\t\t\t<\/div>\n\t\t\t\t<\/div>\n\t\t\t\t\t<\/div>\n\t\t<\/div>\n\t\t\t\t\t<\/div>\n\t\t<\/section>\n\t\t\t\t<section class=\"elementor-section elementor-top-section elementor-element elementor-element-784c4c90 elementor-section-boxed elementor-section-height-default elementor-section-height-default\" data-id=\"784c4c90\" data-element_type=\"section\">\n\t\t\t\t\t\t<div class=\"elementor-container elementor-column-gap-default\">\n\t\t\t\t\t<div class=\"elementor-column elementor-col-50 elementor-top-column elementor-element elementor-element-6e3b774a\" data-id=\"6e3b774a\" data-element_type=\"column\">\n\t\t\t<div class=\"elementor-widget-wrap elementor-element-populated\">\n\t\t\t\t\t\t<div class=\"elementor-element elementor-element-5d68be37 elementor-widget elementor-widget-image\" data-id=\"5d68be37\" data-element_type=\"widget\" data-widget_type=\"image.default\">\n\t\t\t\t<div class=\"elementor-widget-container\">\n\t\t\t<style>\/*! elementor - v3.21.0 - 26-05-2024 *\/\n.elementor-widget-image{text-align:center}.elementor-widget-image a{display:inline-block}.elementor-widget-image a img[src$=\".svg\"]{width:48px}.elementor-widget-image img{vertical-align:middle;display:inline-block}<\/style>\t\t\t\t\t\t\t\t\t\t<img fetchpriority=\"high\" decoding=\"async\" width=\"600\" height=\"400\" src=\"https:\/\/agrupalmeria.com\/wp-content\/uploads\/2022\/02\/tomate-rama-dentro-768x512.jpg\" class=\"attachment-medium_large size-medium_large wp-image-3232\" alt=\"tomate rama venta\" srcset=\"https:\/\/agrupalmeria.com\/wp-content\/uploads\/2022\/02\/tomate-rama-dentro-768x512.jpg 768w, https:\/\/agrupalmeria.com\/wp-content\/uploads\/2022\/02\/tomate-rama-dentro-300x200.jpg 300w, https:\/\/agrupalmeria.com\/wp-content\/uploads\/2022\/02\/tomate-rama-dentro-1024x683.jpg 1024w, https:\/\/agrupalmeria.com\/wp-content\/uploads\/2022\/02\/tomate-rama-dentro-700x467.jpg 700w, https:\/\/agrupalmeria.com\/wp-content\/uploads\/2022\/02\/tomate-rama-dentro-600x400.jpg 600w, https:\/\/agrupalmeria.com\/wp-content\/uploads\/2022\/02\/tomate-rama-dentro.jpg 1140w\" sizes=\"(max-width: 600px) 100vw, 600px\" \/>\t\t\t\t\t\t\t\t\t\t\t\t\t<\/div>\n\t\t\t\t<\/div>\n\t\t\t\t\t<\/div>\n\t\t<\/div>\n\t\t\t\t<div class=\"elementor-column elementor-col-50 elementor-top-column elementor-element elementor-element-35db7548\" data-id=\"35db7548\" data-element_type=\"column\">\n\t\t\t<div class=\"elementor-widget-wrap elementor-element-populated\">\n\t\t\t\t\t\t<div class=\"elementor-element elementor-element-4b7483c9 elementor-widget elementor-widget-heading\" data-id=\"4b7483c9\" data-element_type=\"widget\" data-widget_type=\"heading.default\">\n\t\t\t\t<div class=\"elementor-widget-container\">\n\t\t\t<style>\/*! elementor - v3.21.0 - 26-05-2024 *\/\n.elementor-heading-title{padding:0;margin:0;line-height:1}.elementor-widget-heading .elementor-heading-title[class*=elementor-size-]>a{color:inherit;font-size:inherit;line-height:inherit}.elementor-widget-heading .elementor-heading-title.elementor-size-small{font-size:15px}.elementor-widget-heading .elementor-heading-title.elementor-size-medium{font-size:19px}.elementor-widget-heading .elementor-heading-title.elementor-size-large{font-size:29px}.elementor-widget-heading .elementor-heading-title.elementor-size-xl{font-size:39px}.elementor-widget-heading .elementor-heading-title.elementor-size-xxl{font-size:59px}<\/style><div class=\"elementor-heading-wrapper\" ><div class=\"elementor-heading-wrapper-inner\"><h1 class=\"elementor-heading-title elementor-size-default\">Tomate en Rama<\/h1><\/div><\/div>\t\t<\/div>\n\t\t\t\t<\/div>\n\t\t\t\t<div class=\"elementor-element elementor-element-62aff3e elementor-widget elementor-widget-spacer\" data-id=\"62aff3e\" data-element_type=\"widget\" data-widget_type=\"spacer.default\">\n\t\t\t\t<div class=\"elementor-widget-container\">\n\t\t\t        <div class=\"elementor-spacer\">\n            <div class=\"elementor-spacer-inner\"><\/div>\n        <\/div>\n\t\t\t\t<\/div>\n\t\t\t\t<\/div>\n\t\t\t\t<div class=\"elementor-element elementor-element-2fa50211 elementor-widget elementor-widget-text-editor\" data-id=\"2fa50211\" data-element_type=\"widget\" data-widget_type=\"text-editor.default\">\n\t\t\t\t<div class=\"elementor-widget-container\">\n\t\t\t<style>\/*! elementor - v3.21.0 - 26-05-2024 *\/\n.elementor-widget-text-editor.elementor-drop-cap-view-stacked .elementor-drop-cap{background-color:#69727d;color:#fff}.elementor-widget-text-editor.elementor-drop-cap-view-framed .elementor-drop-cap{color:#69727d;border:3px solid;background-color:transparent}.elementor-widget-text-editor:not(.elementor-drop-cap-view-default) .elementor-drop-cap{margin-top:8px}.elementor-widget-text-editor:not(.elementor-drop-cap-view-default) .elementor-drop-cap-letter{width:1em;height:1em}.elementor-widget-text-editor .elementor-drop-cap{float:left;text-align:center;line-height:1;font-size:50px}.elementor-widget-text-editor .elementor-drop-cap-letter{display:inline-block}<\/style>        <div class=\"elementor-text-editor elementor-clearfix\"><p>El tomate rama es reconocible, por su presentaci\u00f3n en ramo o tallo floral. Es un fruto<br \/>fuerte, consistente y con textura carnosa.<br \/>Con sabor refrescante y arom\u00e1tico, se usa mucho en cocina, tanto para consumo en<br \/>fresco como para la elaboraci\u00f3n de salsas o sofritos.<\/p><p><strong>BENEFICIOS PARA LA SALUD<\/strong> <br \/>\u2713 Elevado contenido de potasio y vitamina C.<br \/>\u2713 Bajo contenido en carbohidratos y en grasa<br \/>\u2713 Reduce los niveles de colesterol en la sangre.<br \/>\u2713 Protege y cuida la piel por su gran cantidad de antioxidantes.<br \/>\u2713 Tiene propiedades antibacterianas, antimic\u00f3ticas y antiinflamatorias al<br \/>contener \u2018tomatina\u2019.<br \/>\u2713 Ayuda a mejorar las funciones digestivas.<br \/>\u2713 Ayuda a prevenir enfermedades cardiovasculares.<br \/>\u2713 Previene el estre\u00f1imiento por su contenido en fibra.<br \/>\u2713 Tiene un efecto diur\u00e9tico debido a su alto contenido en potasio y bajo en sodio<\/p><p><a href=\"https:\/\/agrupalmeria.com\/categorias-tomates\/\"><strong>Ver m\u00e1s variedades<\/strong><\/a><\/p><\/div>\n        \t\t<\/div>\n\t\t\t\t<\/div>\n\t\t\t\t\t<\/div>\n\t\t<\/div>\n\t\t\t\t\t<\/div>\n\t\t<\/section>\n\t\t\t\t<section class=\"elementor-section elementor-top-section elementor-element elementor-element-8efaabe elementor-section-full_width elementor-section-stretched elementor-section-height-default elementor-section-height-default\" data-id=\"8efaabe\" data-element_type=\"section\" data-settings=\"{&quot;stretch_section&quot;:&quot;section-stretched&quot;,&quot;background_background&quot;:&quot;classic&quot;}\">\n\t\t\t\t\t\t<div class=\"elementor-container elementor-column-gap-default\">\n\t\t\t\t\t<div class=\"elementor-column elementor-col-100 elementor-top-column elementor-element elementor-element-70e38d8d\" data-id=\"70e38d8d\" data-element_type=\"column\">\n\t\t\t<div class=\"elementor-widget-wrap elementor-element-populated\">\n\t\t\t\t\t\t<div class=\"elementor-element elementor-element-7eb9b688 elementor-widget elementor-widget-spacer\" data-id=\"7eb9b688\" data-element_type=\"widget\" data-widget_type=\"spacer.default\">\n\t\t\t\t<div class=\"elementor-widget-container\">\n\t\t\t        <div class=\"elementor-spacer\">\n            <div class=\"elementor-spacer-inner\"><\/div>\n        <\/div>\n\t\t\t\t<\/div>\n\t\t\t\t<\/div>\n\t\t\t\t<div class=\"elementor-element elementor-element-1eb2948c elementor-widget elementor-widget-heading\" data-id=\"1eb2948c\" data-element_type=\"widget\" data-widget_type=\"heading.default\">\n\t\t\t\t<div class=\"elementor-widget-container\">\n\t\t\t<div class=\"elementor-heading-wrapper\" ><div class=\"elementor-heading-wrapper-inner\"><h2 class=\"elementor-heading-title elementor-size-default\">CALENDARIO DE PRODUCCI\u00d3N<\/h2><\/div><\/div>\t\t<\/div>\n\t\t\t\t<\/div>\n\t\t\t\t<div class=\"elementor-element elementor-element-1ca65b00 elementor-widget elementor-widget-spacer\" data-id=\"1ca65b00\" data-element_type=\"widget\" data-widget_type=\"spacer.default\">\n\t\t\t\t<div class=\"elementor-widget-container\">\n\t\t\t        <div class=\"elementor-spacer\">\n            <div class=\"elementor-spacer-inner\"><\/div>\n        <\/div>\n\t\t\t\t<\/div>\n\t\t\t\t<\/div>\n\t\t\t\t<div class=\"elementor-element elementor-element-7a40a42 elementor-align-center elementor-widget elementor-widget-icon-list\" data-id=\"7a40a42\" data-element_type=\"widget\" data-widget_type=\"icon-list.default\">\n\t\t\t\t<div class=\"elementor-widget-container\">\n\t\t\t<link rel=\"stylesheet\" href=\"https:\/\/agrupalmeria.com\/wp-content\/plugins\/elementor\/assets\/css\/widget-icon-list.min.css\">        <ul class=\"elementor-icon-list-items elementor-inline-items\">\n                            <li class=\"elementor-icon-list-item\" >\n                                            <span class=\"elementor-icon-list-icon\">\n\t\t\t\t\t\t\t<i class=\"fa fa-square\" aria-hidden=\"true\"><\/i>\n\t\t\t\t\t\t<\/span>\n                                        <span class=\"elementor-icon-list-text\">ENE<\/span>\n                                    <\/li>\n                            <li class=\"elementor-icon-list-item\" >\n                                            <span class=\"elementor-icon-list-icon\">\n\t\t\t\t\t\t\t<i class=\"fa fa-square\" aria-hidden=\"true\"><\/i>\n\t\t\t\t\t\t<\/span>\n                                        <span class=\"elementor-icon-list-text\">FEB<\/span>\n                                    <\/li>\n                            <li class=\"elementor-icon-list-item\" >\n                                            <span class=\"elementor-icon-list-icon\">\n\t\t\t\t\t\t\t<i class=\"fa fa-square\" aria-hidden=\"true\"><\/i>\n\t\t\t\t\t\t<\/span>\n                                        <span class=\"elementor-icon-list-text\">MAR<\/span>\n                                    <\/li>\n                            <li class=\"elementor-icon-list-item\" >\n                                            <span class=\"elementor-icon-list-icon\">\n\t\t\t\t\t\t\t<i class=\"fa fa-square\" aria-hidden=\"true\"><\/i>\n\t\t\t\t\t\t<\/span>\n                                        <span class=\"elementor-icon-list-text\">ABR<\/span>\n                                    <\/li>\n                            <li class=\"elementor-icon-list-item\" >\n                                            <span class=\"elementor-icon-list-icon\">\n\t\t\t\t\t\t\t<i class=\"fa fa-square\" aria-hidden=\"true\"><\/i>\n\t\t\t\t\t\t<\/span>\n                                        <span class=\"elementor-icon-list-text\">MAY<\/span>\n                                    <\/li>\n                            <li class=\"elementor-icon-list-item\" >\n                                            <span class=\"elementor-icon-list-icon\">\n\t\t\t\t\t\t\t<i class=\"fa fa-square\" aria-hidden=\"true\"><\/i>\n\t\t\t\t\t\t<\/span>\n                                        <span class=\"elementor-icon-list-text\">JUN<\/span>\n                                    <\/li>\n                            <li class=\"elementor-icon-list-item\" >\n                                            <span class=\"elementor-icon-list-icon\">\n\t\t\t\t\t\t\t<i class=\"fa fa-square\" aria-hidden=\"true\"><\/i>\n\t\t\t\t\t\t<\/span>\n                                        <span class=\"elementor-icon-list-text\">JUL<\/span>\n                                    <\/li>\n                            <li class=\"elementor-icon-list-item\" >\n                                            <span class=\"elementor-icon-list-icon\">\n\t\t\t\t\t\t\t<i class=\"fa fa-square\" aria-hidden=\"true\"><\/i>\n\t\t\t\t\t\t<\/span>\n                                        <span class=\"elementor-icon-list-text\">AGO<\/span>\n                                    <\/li>\n                            <li class=\"elementor-icon-list-item\" >\n                                            <span class=\"elementor-icon-list-icon\">\n\t\t\t\t\t\t\t<i class=\"fa fa-square\" aria-hidden=\"true\"><\/i>\n\t\t\t\t\t\t<\/span>\n                                        <span class=\"elementor-icon-list-text\">SEP<\/span>\n                                    <\/li>\n                            <li class=\"elementor-icon-list-item\" >\n                                            <span class=\"elementor-icon-list-icon\">\n\t\t\t\t\t\t\t<i class=\"fa fa-square\" aria-hidden=\"true\"><\/i>\n\t\t\t\t\t\t<\/span>\n                                        <span class=\"elementor-icon-list-text\">OCT<\/span>\n                                    <\/li>\n                            <li class=\"elementor-icon-list-item\" >\n                                            <span class=\"elementor-icon-list-icon\">\n\t\t\t\t\t\t\t<i class=\"fa fa-square\" aria-hidden=\"true\"><\/i>\n\t\t\t\t\t\t<\/span>\n                                        <span class=\"elementor-icon-list-text\">NOV<\/span>\n                                    <\/li>\n                            <li class=\"elementor-icon-list-item\" >\n                                            <span class=\"elementor-icon-list-icon\">\n\t\t\t\t\t\t\t<i class=\"fa fa-square\" aria-hidden=\"true\"><\/i>\n\t\t\t\t\t\t<\/span>\n                                        <span class=\"elementor-icon-list-text\">DIC<\/span>\n                                    <\/li>\n                    <\/ul>\n        \t\t<\/div>\n\t\t\t\t<\/div>\n\t\t\t\t<div class=\"elementor-element elementor-element-38de6cb2 elementor-widget elementor-widget-spacer\" data-id=\"38de6cb2\" data-element_type=\"widget\" data-widget_type=\"spacer.default\">\n\t\t\t\t<div class=\"elementor-widget-container\">\n\t\t\t        <div class=\"elementor-spacer\">\n            <div class=\"elementor-spacer-inner\"><\/div>\n        <\/div>\n\t\t\t\t<\/div>\n\t\t\t\t<\/div>\n\t\t\t\t\t<\/div>\n\t\t<\/div>\n\t\t\t\t\t<\/div>\n\t\t<\/section>\n\t\t\t\t<\/div>\n\t\t","protected":false},"excerpt":{"rendered":"<p>Tomate en Rama El tomate rama es reconocible, por su presentaci\u00f3n en ramo o tallo floral. Es un frutofuerte, consistente y con textura carnosa.Con sabor refrescante y arom\u00e1tico, se usa mucho en cocina, tanto para consumo enfresco como para la elaboraci\u00f3n de salsas o sofritos. BENEFICIOS PARA LA SALUD \u2713 Elevado contenido de potasio y &hellip; <\/p>\n<p class=\"more-link-wrap\"><a href=\"https:\/\/agrupalmeria.com\/en\/tomate-rama\/\" class=\"more-link\">Read More<span class=\"screen-reader-text\"> \u00abTomate Rama\u00bb<\/span><\/a><\/p>","protected":false},"author":1,"featured_media":0,"parent":0,"menu_order":0,"comment_status":"closed","ping_status":"closed","template":"","meta":{"inline_featured_image":false,"wprm-recipe-roundup-name":"","wprm-recipe-roundup-description":"","footnotes":""},"class_list":["post-2980","page","type-page","status-publish","hentry"],"yoast_head":"<!-- This site is optimized with the Yoast SEO Premium plugin v18.9 (Yoast SEO v27.2) - https:\/\/yoast.com\/product\/yoast-seo-premium-wordpress\/ -->\n<title>Tomate Rama - Agrupalmer\u00eda<\/title>\n<meta name=\"description\" content=\"El tomate rama es un fruto redondo o ligeramente achatado unido por el raquis o tallo floral a los dem\u00e1s tomates\" \/>\n<meta name=\"robots\" content=\"index, follow, max-snippet:-1, max-image-preview:large, max-video-preview:-1\" \/>\n<link rel=\"canonical\" href=\"https:\/\/agrupalmeria.com\/en\/tomate-rama\/\" \/>\n<meta property=\"og:locale\" content=\"en_GB\" \/>\n<meta property=\"og:type\" content=\"article\" \/>\n<meta property=\"og:title\" content=\"Tomate Rama\" \/>\n<meta property=\"og:description\" content=\"El tomate rama es un fruto redondo o ligeramente achatado unido por el raquis o tallo floral a los dem\u00e1s tomates\" \/>\n<meta property=\"og:url\" content=\"https:\/\/agrupalmeria.com\/en\/tomate-rama\/\" \/>\n<meta property=\"og:site_name\" content=\"Agrupalmer\u00eda\" \/>\n<meta property=\"article:modified_time\" content=\"2025-02-12T14:45:03+00:00\" \/>\n<meta property=\"og:image\" content=\"https:\/\/agrupalmeria.com\/wp-content\/uploads\/2022\/02\/tomate-rama-dentro.jpg\" \/>\n\t<meta property=\"og:image:width\" content=\"1140\" \/>\n\t<meta property=\"og:image:height\" content=\"760\" \/>\n\t<meta property=\"og:image:type\" content=\"image\/jpeg\" \/>\n<meta name=\"twitter:card\" content=\"summary_large_image\" \/>\n<meta name=\"twitter:label1\" content=\"Estimated reading time\" \/>\n\t<meta name=\"twitter:data1\" content=\"1 minute\" \/>\n<script type=\"application\/ld+json\" class=\"yoast-schema-graph\">{\"@context\":\"https:\/\/schema.org\",\"@graph\":[{\"@type\":\"WebPage\",\"@id\":\"https:\/\/agrupalmeria.com\/tomate-rama\/\",\"url\":\"https:\/\/agrupalmeria.com\/tomate-rama\/\",\"name\":\"Tomate Rama - Agrupalmer\u00eda\",\"isPartOf\":{\"@id\":\"https:\/\/agrupalmeria.com\/#website\"},\"primaryImageOfPage\":{\"@id\":\"https:\/\/agrupalmeria.com\/tomate-rama\/#primaryimage\"},\"image\":{\"@id\":\"https:\/\/agrupalmeria.com\/tomate-rama\/#primaryimage\"},\"thumbnailUrl\":\"https:\/\/agrupalmeria.com\/wp-content\/uploads\/2022\/02\/tomate-rama-dentro-768x512.jpg\",\"datePublished\":\"2022-02-04T12:17:46+00:00\",\"dateModified\":\"2025-02-12T14:45:03+00:00\",\"description\":\"El tomate rama es un fruto redondo o ligeramente achatado unido por el raquis o tallo floral a los dem\u00e1s tomates\",\"breadcrumb\":{\"@id\":\"https:\/\/agrupalmeria.com\/tomate-rama\/#breadcrumb\"},\"inLanguage\":\"en-GB\",\"potentialAction\":[{\"@type\":\"ReadAction\",\"target\":[\"https:\/\/agrupalmeria.com\/tomate-rama\/\"]}]},{\"@type\":\"ImageObject\",\"inLanguage\":\"en-GB\",\"@id\":\"https:\/\/agrupalmeria.com\/tomate-rama\/#primaryimage\",\"url\":\"https:\/\/agrupalmeria.com\/wp-content\/uploads\/2022\/02\/tomate-rama-dentro-768x512.jpg\",\"contentUrl\":\"https:\/\/agrupalmeria.com\/wp-content\/uploads\/2022\/02\/tomate-rama-dentro-768x512.jpg\"},{\"@type\":\"BreadcrumbList\",\"@id\":\"https:\/\/agrupalmeria.com\/tomate-rama\/#breadcrumb\",\"itemListElement\":[{\"@type\":\"ListItem\",\"position\":1,\"name\":\"Portada\",\"item\":\"https:\/\/agrupalmeria.com\/\"},{\"@type\":\"ListItem\",\"position\":2,\"name\":\"Tomate Rama\"}]},{\"@type\":\"WebSite\",\"@id\":\"https:\/\/agrupalmeria.com\/#website\",\"url\":\"https:\/\/agrupalmeria.com\/\",\"name\":\"Agrupalmer\u00eda - El mejor tomate de Almer\u00eda\",\"description\":\"Subasta hortofrut\u00edcola con todas las variedades de tomate y el mejor tomate raf de Almer\u00eda\",\"publisher\":{\"@id\":\"https:\/\/agrupalmeria.com\/#organization\"},\"alternateName\":\"Agrupalmer\u00eda\",\"potentialAction\":[{\"@type\":\"SearchAction\",\"target\":{\"@type\":\"EntryPoint\",\"urlTemplate\":\"https:\/\/agrupalmeria.com\/?s={search_term_string}\"},\"query-input\":{\"@type\":\"PropertyValueSpecification\",\"valueRequired\":true,\"valueName\":\"search_term_string\"}}],\"inLanguage\":\"en-GB\"},{\"@type\":\"Organization\",\"@id\":\"https:\/\/agrupalmeria.com\/#organization\",\"name\":\"Agrupalmer\u00eda\",\"url\":\"https:\/\/agrupalmeria.com\/\",\"logo\":{\"@type\":\"ImageObject\",\"inLanguage\":\"en-GB\",\"@id\":\"https:\/\/agrupalmeria.com\/#\/schema\/logo\/image\/\",\"url\":\"https:\/\/agrupalmeria.com\/wp-content\/uploads\/2021\/11\/cropped-logotipo-agrupalmeria-color.png\",\"contentUrl\":\"https:\/\/agrupalmeria.com\/wp-content\/uploads\/2021\/11\/cropped-logotipo-agrupalmeria-color.png\",\"width\":5924,\"height\":1184,\"caption\":\"Agrupalmer\u00eda\"},\"image\":{\"@id\":\"https:\/\/agrupalmeria.com\/#\/schema\/logo\/image\/\"}}]}<\/script>\n<!-- \/ Yoast SEO Premium plugin. -->","yoast_head_json":{"title":"Tomate Rama - Agrupalmer\u00eda","description":"El tomate rama es un fruto redondo o ligeramente achatado unido por el raquis o tallo floral a los dem\u00e1s tomates","robots":{"index":"index","follow":"follow","max-snippet":"max-snippet:-1","max-image-preview":"max-image-preview:large","max-video-preview":"max-video-preview:-1"},"canonical":"https:\/\/agrupalmeria.com\/en\/tomate-rama\/","og_locale":"en_GB","og_type":"article","og_title":"Tomate Rama","og_description":"El tomate rama es un fruto redondo o ligeramente achatado unido por el raquis o tallo floral a los dem\u00e1s tomates","og_url":"https:\/\/agrupalmeria.com\/en\/tomate-rama\/","og_site_name":"Agrupalmer\u00eda","article_modified_time":"2025-02-12T14:45:03+00:00","og_image":[{"width":1140,"height":760,"url":"https:\/\/agrupalmeria.com\/wp-content\/uploads\/2022\/02\/tomate-rama-dentro.jpg","type":"image\/jpeg"}],"twitter_card":"summary_large_image","twitter_misc":{"Estimated reading time":"1 minute"},"schema":{"@context":"https:\/\/schema.org","@graph":[{"@type":"WebPage","@id":"https:\/\/agrupalmeria.com\/tomate-rama\/","url":"https:\/\/agrupalmeria.com\/tomate-rama\/","name":"Tomate Rama - Agrupalmer\u00eda","isPartOf":{"@id":"https:\/\/agrupalmeria.com\/#website"},"primaryImageOfPage":{"@id":"https:\/\/agrupalmeria.com\/tomate-rama\/#primaryimage"},"image":{"@id":"https:\/\/agrupalmeria.com\/tomate-rama\/#primaryimage"},"thumbnailUrl":"https:\/\/agrupalmeria.com\/wp-content\/uploads\/2022\/02\/tomate-rama-dentro-768x512.jpg","datePublished":"2022-02-04T12:17:46+00:00","dateModified":"2025-02-12T14:45:03+00:00","description":"El tomate rama es un fruto redondo o ligeramente achatado unido por el raquis o tallo floral a los dem\u00e1s tomates","breadcrumb":{"@id":"https:\/\/agrupalmeria.com\/tomate-rama\/#breadcrumb"},"inLanguage":"en-GB","potentialAction":[{"@type":"ReadAction","target":["https:\/\/agrupalmeria.com\/tomate-rama\/"]}]},{"@type":"ImageObject","inLanguage":"en-GB","@id":"https:\/\/agrupalmeria.com\/tomate-rama\/#primaryimage","url":"https:\/\/agrupalmeria.com\/wp-content\/uploads\/2022\/02\/tomate-rama-dentro-768x512.jpg","contentUrl":"https:\/\/agrupalmeria.com\/wp-content\/uploads\/2022\/02\/tomate-rama-dentro-768x512.jpg"},{"@type":"BreadcrumbList","@id":"https:\/\/agrupalmeria.com\/tomate-rama\/#breadcrumb","itemListElement":[{"@type":"ListItem","position":1,"name":"Portada","item":"https:\/\/agrupalmeria.com\/"},{"@type":"ListItem","position":2,"name":"Tomate Rama"}]},{"@type":"WebSite","@id":"https:\/\/agrupalmeria.com\/#website","url":"https:\/\/agrupalmeria.com\/","name":"Agrupalmer\u00eda - El mejor tomate de Almer\u00eda","description":"Subasta hortofrut\u00edcola con todas las variedades de tomate y el mejor tomate raf de Almer\u00eda","publisher":{"@id":"https:\/\/agrupalmeria.com\/#organization"},"alternateName":"Agrupalmer\u00eda","potentialAction":[{"@type":"SearchAction","target":{"@type":"EntryPoint","urlTemplate":"https:\/\/agrupalmeria.com\/?s={search_term_string}"},"query-input":{"@type":"PropertyValueSpecification","valueRequired":true,"valueName":"search_term_string"}}],"inLanguage":"en-GB"},{"@type":"Organization","@id":"https:\/\/agrupalmeria.com\/#organization","name":"Agrupalmer\u00eda","url":"https:\/\/agrupalmeria.com\/","logo":{"@type":"ImageObject","inLanguage":"en-GB","@id":"https:\/\/agrupalmeria.com\/#\/schema\/logo\/image\/","url":"https:\/\/agrupalmeria.com\/wp-content\/uploads\/2021\/11\/cropped-logotipo-agrupalmeria-color.png","contentUrl":"https:\/\/agrupalmeria.com\/wp-content\/uploads\/2021\/11\/cropped-logotipo-agrupalmeria-color.png","width":5924,"height":1184,"caption":"Agrupalmer\u00eda"},"image":{"@id":"https:\/\/agrupalmeria.com\/#\/schema\/logo\/image\/"}}]}},"_links":{"self":[{"href":"https:\/\/agrupalmeria.com\/en\/wp-json\/wp\/v2\/pages\/2980","targetHints":{"allow":["GET"]}}],"collection":[{"href":"https:\/\/agrupalmeria.com\/en\/wp-json\/wp\/v2\/pages"}],"about":[{"href":"https:\/\/agrupalmeria.com\/en\/wp-json\/wp\/v2\/types\/page"}],"author":[{"embeddable":true,"href":"https:\/\/agrupalmeria.com\/en\/wp-json\/wp\/v2\/users\/1"}],"replies":[{"embeddable":true,"href":"https:\/\/agrupalmeria.com\/en\/wp-json\/wp\/v2\/comments?post=2980"}],"version-history":[{"count":33,"href":"https:\/\/agrupalmeria.com\/en\/wp-json\/wp\/v2\/pages\/2980\/revisions"}],"predecessor-version":[{"id":5055,"href":"https:\/\/agrupalmeria.com\/en\/wp-json\/wp\/v2\/pages\/2980\/revisions\/5055"}],"wp:attachment":[{"href":"https:\/\/agrupalmeria.com\/en\/wp-json\/wp\/v2\/media?parent=2980"}],"curies":[{"name":"wp","href":"https:\/\/api.w.org\/{rel}","templated":true}]}}